{"id":193073,"date":"2020-06-29T15:32:31","date_gmt":"2020-06-29T19:32:31","guid":{"rendered":"https:\/\/gobiernu.cw\/?page_id=193073"},"modified":"2022-11-09T10:07:29","modified_gmt":"2022-11-09T14:07:29","slug":"corona-reizen-naar-curacao","status":"publish","type":"page","link":"https:\/\/gobiernu.cw\/nl\/corona-reizen-naar-curacao\/","title":{"rendered":"Reizen naar Cura\u00e7ao"},"content":{"rendered":"<div class=\"wpb-content-wrapper\"><h3><span style=\"color: #008000;\"><strong>Mededelingen COVID-19<\/strong><\/span><\/h3>\n<p><a href=\"https:\/\/gobiernu.cw\/nl\/corona-reizen-naar-curacao\/psa-covid-mededelingen-3-juni-607\/\" rel=\"attachment wp-att-525727\"><img loading=\"lazy\" class=\"alignnone size-full wp-image-525727\" src=\"https:\/\/gobiernu.cw\/wp-content\/uploads\/2022\/11\/PSA-COVID-Mededelingen-3-juni-607.jpg\" alt=\"\" width=\"1600\" height=\"1600\" srcset=\"https:\/\/gobiernu.cw\/wp-content\/uploads\/2022\/11\/PSA-COVID-Mededelingen-3-juni-607.jpg 1600w, https:\/\/gobiernu.cw\/wp-content\/uploads\/2022\/11\/PSA-COVID-Mededelingen-3-juni-607-300x300.jpg 300w, https:\/\/gobiernu.cw\/wp-content\/uploads\/2022\/11\/PSA-COVID-Mededelingen-3-juni-607-1024x1024.jpg 1024w, https:\/\/gobiernu.cw\/wp-content\/uploads\/2022\/11\/PSA-COVID-Mededelingen-3-juni-607-150x150.jpg 150w, https:\/\/gobiernu.cw\/wp-content\/uploads\/2022\/11\/PSA-COVID-Mededelingen-3-juni-607-768x768.jpg 768w, https:\/\/gobiernu.cw\/wp-content\/uploads\/2022\/11\/PSA-COVID-Mededelingen-3-juni-607-1536x1536.jpg 1536w, https:\/\/gobiernu.cw\/wp-content\/uploads\/2022\/11\/PSA-COVID-Mededelingen-3-juni-607-146x146.jpg 146w, https:\/\/gobiernu.cw\/wp-content\/uploads\/2022\/11\/PSA-COVID-Mededelingen-3-juni-607-50x50.jpg 50w, https:\/\/gobiernu.cw\/wp-content\/uploads\/2022\/11\/PSA-COVID-Mededelingen-3-juni-607-75x75.jpg 75w, https:\/\/gobiernu.cw\/wp-content\/uploads\/2022\/11\/PSA-COVID-Mededelingen-3-juni-607-85x85.jpg 85w, https:\/\/gobiernu.cw\/wp-content\/uploads\/2022\/11\/PSA-COVID-Mededelingen-3-juni-607-80x80.jpg 80w, https:\/\/gobiernu.cw\/wp-content\/uploads\/2022\/11\/PSA-COVID-Mededelingen-3-juni-607-1320x1320.jpg 1320w\" sizes=\"auto, (max-width:767px) 480px, (max-width:1600px) 100vw, 1600px\" \/><\/a><\/p>\n<p><a href=\"https:\/\/gobiernu.cw\/nl\/corona-reizen-naar-curacao\/psa-covid-mededelingen-8-maart-567-1\/\" rel=\"attachment wp-att-525729\"><img loading=\"lazy\" class=\"alignnone size-full wp-image-525729\" src=\"https:\/\/gobiernu.cw\/wp-content\/uploads\/2022\/11\/PSA-COVID-Mededelingen-8-maart-567-1.jpeg\" alt=\"\" width=\"1500\" height=\"1500\" srcset=\"https:\/\/gobiernu.cw\/wp-content\/uploads\/2022\/11\/PSA-COVID-Mededelingen-8-maart-567-1.jpeg 1500w, https:\/\/gobiernu.cw\/wp-content\/uploads\/2022\/11\/PSA-COVID-Mededelingen-8-maart-567-1-300x300.jpeg 300w, https:\/\/gobiernu.cw\/wp-content\/uploads\/2022\/11\/PSA-COVID-Mededelingen-8-maart-567-1-1024x1024.jpeg 1024w, https:\/\/gobiernu.cw\/wp-content\/uploads\/2022\/11\/PSA-COVID-Mededelingen-8-maart-567-1-150x150.jpeg 150w, https:\/\/gobiernu.cw\/wp-content\/uploads\/2022\/11\/PSA-COVID-Mededelingen-8-maart-567-1-768x768.jpeg 768w, https:\/\/gobiernu.cw\/wp-content\/uploads\/2022\/11\/PSA-COVID-Mededelingen-8-maart-567-1-146x146.jpeg 146w, https:\/\/gobiernu.cw\/wp-content\/uploads\/2022\/11\/PSA-COVID-Mededelingen-8-maart-567-1-50x50.jpeg 50w, https:\/\/gobiernu.cw\/wp-content\/uploads\/2022\/11\/PSA-COVID-Mededelingen-8-maart-567-1-75x75.jpeg 75w, https:\/\/gobiernu.cw\/wp-content\/uploads\/2022\/11\/PSA-COVID-Mededelingen-8-maart-567-1-85x85.jpeg 85w, https:\/\/gobiernu.cw\/wp-content\/uploads\/2022\/11\/PSA-COVID-Mededelingen-8-maart-567-1-80x80.jpeg 80w, https:\/\/gobiernu.cw\/wp-content\/uploads\/2022\/11\/PSA-COVID-Mededelingen-8-maart-567-1-1320x1320.jpeg 1320w\" sizes=\"auto, (max-width:767px) 480px, (max-width:1500px) 100vw, 1500px\" \/><\/a><\/p>\n<p><img loading=\"lazy\" class=\"alignnone size-full wp-image-518799\" src=\"https:\/\/gobiernu.cw\/wp-content\/uploads\/2022\/05\/Woensdag-4-mei-2022-mededeling-591.jpg\" alt=\"\" width=\"1600\" height=\"1600\" srcset=\"https:\/\/gobiernu.cw\/wp-content\/uploads\/2022\/05\/Woensdag-4-mei-2022-mededeling-591.jpg 1600w, https:\/\/gobiernu.cw\/wp-content\/uploads\/2022\/05\/Woensdag-4-mei-2022-mededeling-591-300x300.jpg 300w, https:\/\/gobiernu.cw\/wp-content\/uploads\/2022\/05\/Woensdag-4-mei-2022-mededeling-591-1024x1024.jpg 1024w, https:\/\/gobiernu.cw\/wp-content\/uploads\/2022\/05\/Woensdag-4-mei-2022-mededeling-591-150x150.jpg 150w, https:\/\/gobiernu.cw\/wp-content\/uploads\/2022\/05\/Woensdag-4-mei-2022-mededeling-591-768x768.jpg 768w, https:\/\/gobiernu.cw\/wp-content\/uploads\/2022\/05\/Woensdag-4-mei-2022-mededeling-591-1536x1536.jpg 1536w, https:\/\/gobiernu.cw\/wp-content\/uploads\/2022\/05\/Woensdag-4-mei-2022-mededeling-591-146x146.jpg 146w, https:\/\/gobiernu.cw\/wp-content\/uploads\/2022\/05\/Woensdag-4-mei-2022-mededeling-591-50x50.jpg 50w, https:\/\/gobiernu.cw\/wp-content\/uploads\/2022\/05\/Woensdag-4-mei-2022-mededeling-591-75x75.jpg 75w, https:\/\/gobiernu.cw\/wp-content\/uploads\/2022\/05\/Woensdag-4-mei-2022-mededeling-591-85x85.jpg 85w, https:\/\/gobiernu.cw\/wp-content\/uploads\/2022\/05\/Woensdag-4-mei-2022-mededeling-591-80x80.jpg 80w, https:\/\/gobiernu.cw\/wp-content\/uploads\/2022\/05\/Woensdag-4-mei-2022-mededeling-591-1320x1320.jpg 1320w\" sizes=\"auto, (max-width:767px) 480px, (max-width:1600px) 100vw, 1600px\" \/><\/p>\n<hr \/>\n<h4><strong><span style=\"color: #008000;\">Preventie &amp; Tips | COVID-19<\/span><\/strong><\/h4>\n<p><a href=\"https:\/\/gobiernu.cw\/corona-reizen-naar-curacao\/corona_folder_nl_new\/\" rel=\"attachment wp-att-193459\"><img loading=\"lazy\" class=\"alignnone wp-image-193459 size-large\" src=\"https:\/\/gobiernu.cw\/wp-content\/uploads\/2020\/06\/Corona_folder_NL_NEW-860x1024.jpg\" alt=\"\" width=\"860\" height=\"1024\" srcset=\"https:\/\/gobiernu.cw\/wp-content\/uploads\/2020\/06\/Corona_folder_NL_NEW-860x1024.jpg 860w, https:\/\/gobiernu.cw\/wp-content\/uploads\/2020\/06\/Corona_folder_NL_NEW-252x300.jpg 252w, https:\/\/gobiernu.cw\/wp-content\/uploads\/2020\/06\/Corona_folder_NL_NEW-768x914.jpg 768w, https:\/\/gobiernu.cw\/wp-content\/uploads\/2020\/06\/Corona_folder_NL_NEW-1290x1536.jpg 1290w, https:\/\/gobiernu.cw\/wp-content\/uploads\/2020\/06\/Corona_folder_NL_NEW-1720x2048.jpg 1720w, https:\/\/gobiernu.cw\/wp-content\/uploads\/2020\/06\/Corona_folder_NL_NEW-123x146.jpg 123w, https:\/\/gobiernu.cw\/wp-content\/uploads\/2020\/06\/Corona_folder_NL_NEW-42x50.jpg 42w, https:\/\/gobiernu.cw\/wp-content\/uploads\/2020\/06\/Corona_folder_NL_NEW-63x75.jpg 63w, https:\/\/gobiernu.cw\/wp-content\/uploads\/2020\/06\/Corona_folder_NL_NEW-1320x1572.jpg 1320w\" sizes=\"auto, (max-width:767px) 480px, (max-width:860px) 100vw, 860px\" \/><\/a><\/p>\n<p><a href=\"https:\/\/gobiernu.cw\/corona-reizen-naar-curacao\/corona_folder_nl_new2\/\" rel=\"attachment wp-att-193461\"><img loading=\"lazy\" class=\"alignnone wp-image-193461 size-large\" src=\"https:\/\/gobiernu.cw\/wp-content\/uploads\/2020\/06\/Corona_folder_NL_NEW2-860x1024.jpg\" alt=\"\" width=\"860\" height=\"1024\" srcset=\"https:\/\/gobiernu.cw\/wp-content\/uploads\/2020\/06\/Corona_folder_NL_NEW2-860x1024.jpg 860w, https:\/\/gobiernu.cw\/wp-content\/uploads\/2020\/06\/Corona_folder_NL_NEW2-252x300.jpg 252w, https:\/\/gobiernu.cw\/wp-content\/uploads\/2020\/06\/Corona_folder_NL_NEW2-768x914.jpg 768w, https:\/\/gobiernu.cw\/wp-content\/uploads\/2020\/06\/Corona_folder_NL_NEW2-1290x1536.jpg 1290w, https:\/\/gobiernu.cw\/wp-content\/uploads\/2020\/06\/Corona_folder_NL_NEW2-1720x2048.jpg 1720w, https:\/\/gobiernu.cw\/wp-content\/uploads\/2020\/06\/Corona_folder_NL_NEW2-123x146.jpg 123w, https:\/\/gobiernu.cw\/wp-content\/uploads\/2020\/06\/Corona_folder_NL_NEW2-42x50.jpg 42w, https:\/\/gobiernu.cw\/wp-content\/uploads\/2020\/06\/Corona_folder_NL_NEW2-63x75.jpg 63w, https:\/\/gobiernu.cw\/wp-content\/uploads\/2020\/06\/Corona_folder_NL_NEW2-1320x1572.jpg 1320w\" sizes=\"auto, (max-width:767px) 480px, (max-width:860px) 100vw, 860px\" \/><\/a><\/p>\n<p><a href=\"https:\/\/gobiernu.cw\/corona-reizen-naar-curacao\/corona_folder_nl_new3\/\" rel=\"attachment wp-att-193463\"><img loading=\"lazy\" class=\"alignnone wp-image-193463 size-large\" src=\"https:\/\/gobiernu.cw\/wp-content\/uploads\/2020\/06\/Corona_folder_NL_NEW3-860x1024.jpg\" alt=\"\" width=\"860\" height=\"1024\" srcset=\"https:\/\/gobiernu.cw\/wp-content\/uploads\/2020\/06\/Corona_folder_NL_NEW3-860x1024.jpg 860w, https:\/\/gobiernu.cw\/wp-content\/uploads\/2020\/06\/Corona_folder_NL_NEW3-252x300.jpg 252w, https:\/\/gobiernu.cw\/wp-content\/uploads\/2020\/06\/Corona_folder_NL_NEW3-768x914.jpg 768w, https:\/\/gobiernu.cw\/wp-content\/uploads\/2020\/06\/Corona_folder_NL_NEW3-1290x1536.jpg 1290w, https:\/\/gobiernu.cw\/wp-content\/uploads\/2020\/06\/Corona_folder_NL_NEW3-1720x2048.jpg 1720w, https:\/\/gobiernu.cw\/wp-content\/uploads\/2020\/06\/Corona_folder_NL_NEW3-123x146.jpg 123w, https:\/\/gobiernu.cw\/wp-content\/uploads\/2020\/06\/Corona_folder_NL_NEW3-42x50.jpg 42w, https:\/\/gobiernu.cw\/wp-content\/uploads\/2020\/06\/Corona_folder_NL_NEW3-63x75.jpg 63w, https:\/\/gobiernu.cw\/wp-content\/uploads\/2020\/06\/Corona_folder_NL_NEW3-1320x1572.jpg 1320w\" sizes=\"auto, (max-width:767px) 480px, (max-width:860px) 100vw, 860px\" \/><\/a><\/p>\n<p><a href=\"https:\/\/gobiernu.cw\/corona-reizen-naar-curacao\/corona_folder_nl_new4\/\" rel=\"attachment wp-att-193467\"><img loading=\"lazy\" class=\"alignnone wp-image-193467 size-large\" src=\"https:\/\/gobiernu.cw\/wp-content\/uploads\/2020\/06\/Corona_folder_NL_NEW4-860x1024.jpg\" alt=\"\" width=\"860\" height=\"1024\" srcset=\"https:\/\/gobiernu.cw\/wp-content\/uploads\/2020\/06\/Corona_folder_NL_NEW4-860x1024.jpg 860w, https:\/\/gobiernu.cw\/wp-content\/uploads\/2020\/06\/Corona_folder_NL_NEW4-252x300.jpg 252w, https:\/\/gobiernu.cw\/wp-content\/uploads\/2020\/06\/Corona_folder_NL_NEW4-768x914.jpg 768w, https:\/\/gobiernu.cw\/wp-content\/uploads\/2020\/06\/Corona_folder_NL_NEW4-1290x1536.jpg 1290w, https:\/\/gobiernu.cw\/wp-content\/uploads\/2020\/06\/Corona_folder_NL_NEW4-1720x2048.jpg 1720w, https:\/\/gobiernu.cw\/wp-content\/uploads\/2020\/06\/Corona_folder_NL_NEW4-123x146.jpg 123w, https:\/\/gobiernu.cw\/wp-content\/uploads\/2020\/06\/Corona_folder_NL_NEW4-42x50.jpg 42w, https:\/\/gobiernu.cw\/wp-content\/uploads\/2020\/06\/Corona_folder_NL_NEW4-63x75.jpg 63w, https:\/\/gobiernu.cw\/wp-content\/uploads\/2020\/06\/Corona_folder_NL_NEW4-1320x1572.jpg 1320w\" sizes=\"auto, (max-width:767px) 480px, (max-width:860px) 100vw, 860px\" \/><\/a>[\/vc_column_text][\/vc_column][\/vc_row]<\/p>\n<\/div>","protected":false},"excerpt":{"rendered":"<p>Mededelingen COVID-19 Preventie &amp; Tips | COVID-19 [\/vc_column_text][\/vc_column][\/vc_row]<\/p>\n","protected":false},"author":308,"featured_media":0,"parent":0,"menu_order":21,"comment_status":"closed","ping_status":"closed","template":"","meta":{"_acf_changed":false,"_crdt_document":"","footnotes":""},"ministry":[],"class_list":["post-193073","page","type-page","status-publish","hentry"],"acf":[],"yoast_head":"<!-- This site is optimized with the Yoast SEO plugin v27.4 - https:\/\/yoast.com\/product\/yoast-seo-wordpress\/ -->\n<title>Reizen naar Cura\u00e7ao - Informashon tokante Gobi\u00e8rnu di K\u00f2rsou<\/title>\n<meta name=\"robots\" content=\"index, follow, max-snippet:-1, max-image-preview:large, max-video-preview:-1\" \/>\n<link rel=\"canonical\" href=\"https:\/\/gobiernu.cw\/nl\/corona-reizen-naar-curacao\/\" \/>\n<meta name=\"twitter:card\" content=\"summary_large_image\" \/>\n<meta name=\"twitter:title\" content=\"Reizen naar Cura\u00e7ao - Informashon tokante Gobi\u00e8rnu di K\u00f2rsou\" \/>\n<meta name=\"twitter:description\" content=\"Mededelingen COVID-19 Preventie &amp; Tips | COVID-19 [\/vc_column_text][\/vc_column][\/vc_row]\" \/>\n<meta name=\"twitter:image\" content=\"https:\/\/gobiernu.cw\/wp-content\/uploads\/2022\/11\/PSA-COVID-Mededelingen-3-juni-607.jpg\" \/>\n<script type=\"application\/ld+json\" class=\"yoast-schema-graph\">{\"@context\":\"https:\\\/\\\/schema.org\",\"@graph\":[{\"@type\":\"WebPage\",\"@id\":\"https:\\\/\\\/gobiernu.cw\\\/nl\\\/corona-reizen-naar-curacao\\\/\",\"url\":\"https:\\\/\\\/gobiernu.cw\\\/nl\\\/corona-reizen-naar-curacao\\\/\",\"name\":\"Reizen naar Cura\u00e7ao - Informashon tokante Gobi\u00e8rnu di K\u00f2rsou\",\"isPartOf\":{\"@id\":\"https:\\\/\\\/gobiernu.cw\\\/#website\"},\"primaryImageOfPage\":{\"@id\":\"https:\\\/\\\/gobiernu.cw\\\/nl\\\/corona-reizen-naar-curacao\\\/#primaryimage\"},\"image\":{\"@id\":\"https:\\\/\\\/gobiernu.cw\\\/nl\\\/corona-reizen-naar-curacao\\\/#primaryimage\"},\"thumbnailUrl\":\"https:\\\/\\\/gobiernu.cw\\\/wp-content\\\/uploads\\\/2022\\\/11\\\/PSA-COVID-Mededelingen-3-juni-607.jpg\",\"datePublished\":\"2020-06-29T19:32:31+00:00\",\"dateModified\":\"2022-11-09T14:07:29+00:00\",\"breadcrumb\":{\"@id\":\"https:\\\/\\\/gobiernu.cw\\\/nl\\\/corona-reizen-naar-curacao\\\/#breadcrumb\"},\"inLanguage\":\"nl-NL\",\"potentialAction\":[{\"@type\":\"ReadAction\",\"target\":[\"https:\\\/\\\/gobiernu.cw\\\/nl\\\/corona-reizen-naar-curacao\\\/\"]}]},{\"@type\":\"ImageObject\",\"inLanguage\":\"nl-NL\",\"@id\":\"https:\\\/\\\/gobiernu.cw\\\/nl\\\/corona-reizen-naar-curacao\\\/#primaryimage\",\"url\":\"https:\\\/\\\/gobiernu.cw\\\/wp-content\\\/uploads\\\/2022\\\/11\\\/PSA-COVID-Mededelingen-3-juni-607.jpg\",\"contentUrl\":\"https:\\\/\\\/gobiernu.cw\\\/wp-content\\\/uploads\\\/2022\\\/11\\\/PSA-COVID-Mededelingen-3-juni-607.jpg\"},{\"@type\":\"BreadcrumbList\",\"@id\":\"https:\\\/\\\/gobiernu.cw\\\/nl\\\/corona-reizen-naar-curacao\\\/#breadcrumb\",\"itemListElement\":[{\"@type\":\"ListItem\",\"position\":1,\"name\":\"Home\",\"item\":\"https:\\\/\\\/gobiernu.cw\\\/nl\\\/\"},{\"@type\":\"ListItem\",\"position\":2,\"name\":\"Reizen naar Cura\u00e7ao\"}]},{\"@type\":\"WebSite\",\"@id\":\"https:\\\/\\\/gobiernu.cw\\\/#website\",\"url\":\"https:\\\/\\\/gobiernu.cw\\\/\",\"name\":\"Informashon tokante Gobi\u00e8rnu di K\u00f2rsou\",\"description\":\"Gobi\u00e8rnu di K\u00f2rsou\",\"publisher\":{\"@id\":\"https:\\\/\\\/gobiernu.cw\\\/#organization\"},\"potentialAction\":[{\"@type\":\"SearchAction\",\"target\":{\"@type\":\"EntryPoint\",\"urlTemplate\":\"https:\\\/\\\/gobiernu.cw\\\/?s={search_term_string}\"},\"query-input\":{\"@type\":\"PropertyValueSpecification\",\"valueRequired\":true,\"valueName\":\"search_term_string\"}}],\"inLanguage\":\"nl-NL\"},{\"@type\":\"Organization\",\"@id\":\"https:\\\/\\\/gobiernu.cw\\\/#organization\",\"name\":\"Gobi\u00e8rnu di K\u00f2rsou\",\"url\":\"https:\\\/\\\/gobiernu.cw\\\/\",\"logo\":{\"@type\":\"ImageObject\",\"inLanguage\":\"nl-NL\",\"@id\":\"https:\\\/\\\/gobiernu.cw\\\/#\\\/schema\\\/logo\\\/image\\\/\",\"url\":\"https:\\\/\\\/gobiernu.cw\\\/wp-content\\\/uploads\\\/2019\\\/01\\\/Logo_regering_3.png\",\"contentUrl\":\"https:\\\/\\\/gobiernu.cw\\\/wp-content\\\/uploads\\\/2019\\\/01\\\/Logo_regering_3.png\",\"width\":129,\"height\":115,\"caption\":\"Gobi\u00e8rnu di K\u00f2rsou\"},\"image\":{\"@id\":\"https:\\\/\\\/gobiernu.cw\\\/#\\\/schema\\\/logo\\\/image\\\/\"}}]}<\/script>\n<!-- \/ Yoast SEO plugin. -->","yoast_head_json":{"title":"Reizen naar Cura\u00e7ao - Informashon tokante Gobi\u00e8rnu di K\u00f2rsou","robots":{"index":"index","follow":"follow","max-snippet":"max-snippet:-1","max-image-preview":"max-image-preview:large","max-video-preview":"max-video-preview:-1"},"canonical":"https:\/\/gobiernu.cw\/nl\/corona-reizen-naar-curacao\/","twitter_card":"summary_large_image","twitter_title":"Reizen naar Cura\u00e7ao - Informashon tokante Gobi\u00e8rnu di K\u00f2rsou","twitter_description":"Mededelingen COVID-19 Preventie &amp; Tips | COVID-19 [\/vc_column_text][\/vc_column][\/vc_row]","twitter_image":"https:\/\/gobiernu.cw\/wp-content\/uploads\/2022\/11\/PSA-COVID-Mededelingen-3-juni-607.jpg","schema":{"@context":"https:\/\/schema.org","@graph":[{"@type":"WebPage","@id":"https:\/\/gobiernu.cw\/nl\/corona-reizen-naar-curacao\/","url":"https:\/\/gobiernu.cw\/nl\/corona-reizen-naar-curacao\/","name":"Reizen naar Cura\u00e7ao - Informashon tokante Gobi\u00e8rnu di K\u00f2rsou","isPartOf":{"@id":"https:\/\/gobiernu.cw\/#website"},"primaryImageOfPage":{"@id":"https:\/\/gobiernu.cw\/nl\/corona-reizen-naar-curacao\/#primaryimage"},"image":{"@id":"https:\/\/gobiernu.cw\/nl\/corona-reizen-naar-curacao\/#primaryimage"},"thumbnailUrl":"https:\/\/gobiernu.cw\/wp-content\/uploads\/2022\/11\/PSA-COVID-Mededelingen-3-juni-607.jpg","datePublished":"2020-06-29T19:32:31+00:00","dateModified":"2022-11-09T14:07:29+00:00","breadcrumb":{"@id":"https:\/\/gobiernu.cw\/nl\/corona-reizen-naar-curacao\/#breadcrumb"},"inLanguage":"nl-NL","potentialAction":[{"@type":"ReadAction","target":["https:\/\/gobiernu.cw\/nl\/corona-reizen-naar-curacao\/"]}]},{"@type":"ImageObject","inLanguage":"nl-NL","@id":"https:\/\/gobiernu.cw\/nl\/corona-reizen-naar-curacao\/#primaryimage","url":"https:\/\/gobiernu.cw\/wp-content\/uploads\/2022\/11\/PSA-COVID-Mededelingen-3-juni-607.jpg","contentUrl":"https:\/\/gobiernu.cw\/wp-content\/uploads\/2022\/11\/PSA-COVID-Mededelingen-3-juni-607.jpg"},{"@type":"BreadcrumbList","@id":"https:\/\/gobiernu.cw\/nl\/corona-reizen-naar-curacao\/#breadcrumb","itemListElement":[{"@type":"ListItem","position":1,"name":"Home","item":"https:\/\/gobiernu.cw\/nl\/"},{"@type":"ListItem","position":2,"name":"Reizen naar Cura\u00e7ao"}]},{"@type":"WebSite","@id":"https:\/\/gobiernu.cw\/#website","url":"https:\/\/gobiernu.cw\/","name":"Informashon tokante Gobi\u00e8rnu di K\u00f2rsou","description":"Gobi\u00e8rnu di K\u00f2rsou","publisher":{"@id":"https:\/\/gobiernu.cw\/#organization"},"potentialAction":[{"@type":"SearchAction","target":{"@type":"EntryPoint","urlTemplate":"https:\/\/gobiernu.cw\/?s={search_term_string}"},"query-input":{"@type":"PropertyValueSpecification","valueRequired":true,"valueName":"search_term_string"}}],"inLanguage":"nl-NL"},{"@type":"Organization","@id":"https:\/\/gobiernu.cw\/#organization","name":"Gobi\u00e8rnu di K\u00f2rsou","url":"https:\/\/gobiernu.cw\/","logo":{"@type":"ImageObject","inLanguage":"nl-NL","@id":"https:\/\/gobiernu.cw\/#\/schema\/logo\/image\/","url":"https:\/\/gobiernu.cw\/wp-content\/uploads\/2019\/01\/Logo_regering_3.png","contentUrl":"https:\/\/gobiernu.cw\/wp-content\/uploads\/2019\/01\/Logo_regering_3.png","width":129,"height":115,"caption":"Gobi\u00e8rnu di K\u00f2rsou"},"image":{"@id":"https:\/\/gobiernu.cw\/#\/schema\/logo\/image\/"}}]}},"jetpack_sharing_enabled":true,"_links":{"self":[{"href":"https:\/\/gobiernu.cw\/nl\/wp-json\/wp\/v2\/pages\/193073","targetHints":{"allow":["GET"]}}],"collection":[{"href":"https:\/\/gobiernu.cw\/nl\/wp-json\/wp\/v2\/pages"}],"about":[{"href":"https:\/\/gobiernu.cw\/nl\/wp-json\/wp\/v2\/types\/page"}],"author":[{"embeddable":true,"href":"https:\/\/gobiernu.cw\/nl\/wp-json\/wp\/v2\/users\/308"}],"replies":[{"embeddable":true,"href":"https:\/\/gobiernu.cw\/nl\/wp-json\/wp\/v2\/comments?post=193073"}],"version-history":[{"count":8,"href":"https:\/\/gobiernu.cw\/nl\/wp-json\/wp\/v2\/pages\/193073\/revisions"}],"predecessor-version":[{"id":525731,"href":"https:\/\/gobiernu.cw\/nl\/wp-json\/wp\/v2\/pages\/193073\/revisions\/525731"}],"wp:attachment":[{"href":"https:\/\/gobiernu.cw\/nl\/wp-json\/wp\/v2\/media?parent=193073"}],"wp:term":[{"taxonomy":"ministry","embeddable":true,"href":"https:\/\/gobiernu.cw\/nl\/wp-json\/wp\/v2\/ministry?post=193073"}],"curies":[{"name":"wp","href":"https:\/\/api.w.org\/{rel}","templated":true}]}}