{"id":2154,"date":"2019-06-20T08:14:44","date_gmt":"2019-06-20T08:14:44","guid":{"rendered":"https:\/\/gobiernu.cw\/tegenwoordig-is-het-mogelijk-om-online-een-afspraak-te-maken-voor-het-verlengen-nieuw-aanvragen-van-een-paspoort-sedula-en-rijbewijs\/"},"modified":"2019-08-29T04:17:44","modified_gmt":"2019-08-29T04:17:44","slug":"tegenwoordig-is-het-mogelijk-om-online-een-afspraak-te-maken-voor-het-verlengen-nieuw-aanvragen-van-een-paspoort-sedula-en-rijbewijs","status":"publish","type":"page","link":"https:\/\/gobiernu.cw\/nl\/tegenwoordig-is-het-mogelijk-om-online-een-afspraak-te-maken-voor-het-verlengen-nieuw-aanvragen-van-een-paspoort-sedula-en-rijbewijs\/","title":{"rendered":"Heeft u recentelijk uw paspoort of s\u00e9dula vernieuwd? Zo ja, hoe vindt u de dienstverlening van Publieke Zaken (Kranshi)?"},"content":{"rendered":"<p>[yop_poll id=&#8217;1&#8242;]<\/p>\n","protected":false},"excerpt":{"rendered":"<p>[yop_poll id=&#8217;1&#8242;]<\/p>\n","protected":false},"author":1,"featured_media":0,"parent":0,"menu_order":90,"comment_status":"open","ping_status":"open","template":"","meta":{"_acf_changed":false,"_crdt_document":"","footnotes":""},"ministry":[],"class_list":["post-2154","page","type-page","status-publish","hentry"],"acf":[],"yoast_head":"<!-- This site is optimized with the Yoast SEO plugin v27.5 - https:\/\/yoast.com\/product\/yoast-seo-wordpress\/ -->\n<title>Heeft u recentelijk uw paspoort of s\u00e9dula vernieuwd? Zo ja, hoe vindt u de dienstverlening van Publieke Zaken (Kranshi)? - Informashon tokante Gobi\u00e8rnu di K\u00f2rsou<\/title>\n<meta name=\"robots\" content=\"index, follow, max-snippet:-1, max-image-preview:large, max-video-preview:-1\" \/>\n<link rel=\"canonical\" href=\"https:\/\/gobiernu.cw\/nl\/tegenwoordig-is-het-mogelijk-om-online-een-afspraak-te-maken-voor-het-verlengen-nieuw-aanvragen-van-een-paspoort-sedula-en-rijbewijs\/\" \/>\n<meta name=\"twitter:card\" content=\"summary_large_image\" \/>\n<meta name=\"twitter:title\" content=\"Heeft u recentelijk uw paspoort of s\u00e9dula vernieuwd? Zo ja, hoe vindt u de dienstverlening van Publieke Zaken (Kranshi)? - Informashon tokante Gobi\u00e8rnu di K\u00f2rsou\" \/>\n<meta name=\"twitter:description\" content=\"[yop_poll id=&#8217;1&#8242;]\" \/>\n<script type=\"application\/ld+json\" class=\"yoast-schema-graph\">{\"@context\":\"https:\\\/\\\/schema.org\",\"@graph\":[{\"@type\":\"WebPage\",\"@id\":\"https:\\\/\\\/gobiernu.cw\\\/nl\\\/tegenwoordig-is-het-mogelijk-om-online-een-afspraak-te-maken-voor-het-verlengen-nieuw-aanvragen-van-een-paspoort-sedula-en-rijbewijs\\\/\",\"url\":\"https:\\\/\\\/gobiernu.cw\\\/nl\\\/tegenwoordig-is-het-mogelijk-om-online-een-afspraak-te-maken-voor-het-verlengen-nieuw-aanvragen-van-een-paspoort-sedula-en-rijbewijs\\\/\",\"name\":\"Heeft u recentelijk uw paspoort of s\u00e9dula vernieuwd? Zo ja, hoe vindt u de dienstverlening van Publieke Zaken (Kranshi)? - Informashon tokante Gobi\u00e8rnu di K\u00f2rsou\",\"isPartOf\":{\"@id\":\"https:\\\/\\\/gobiernu.cw\\\/#website\"},\"datePublished\":\"2019-06-20T08:14:44+00:00\",\"dateModified\":\"2019-08-29T04:17:44+00:00\",\"breadcrumb\":{\"@id\":\"https:\\\/\\\/gobiernu.cw\\\/nl\\\/tegenwoordig-is-het-mogelijk-om-online-een-afspraak-te-maken-voor-het-verlengen-nieuw-aanvragen-van-een-paspoort-sedula-en-rijbewijs\\\/#breadcrumb\"},\"inLanguage\":\"nl-NL\",\"potentialAction\":[{\"@type\":\"ReadAction\",\"target\":[\"https:\\\/\\\/gobiernu.cw\\\/nl\\\/tegenwoordig-is-het-mogelijk-om-online-een-afspraak-te-maken-voor-het-verlengen-nieuw-aanvragen-van-een-paspoort-sedula-en-rijbewijs\\\/\"]}]},{\"@type\":\"BreadcrumbList\",\"@id\":\"https:\\\/\\\/gobiernu.cw\\\/nl\\\/tegenwoordig-is-het-mogelijk-om-online-een-afspraak-te-maken-voor-het-verlengen-nieuw-aanvragen-van-een-paspoort-sedula-en-rijbewijs\\\/#breadcrumb\",\"itemListElement\":[{\"@type\":\"ListItem\",\"position\":1,\"name\":\"Home\",\"item\":\"https:\\\/\\\/gobiernu.cw\\\/nl\\\/\"},{\"@type\":\"ListItem\",\"position\":2,\"name\":\"Heeft u recentelijk uw paspoort of s\u00e9dula vernieuwd? Zo ja, hoe vindt u de dienstverlening van Publieke Zaken (Kranshi)?\"}]},{\"@type\":\"WebSite\",\"@id\":\"https:\\\/\\\/gobiernu.cw\\\/#website\",\"url\":\"https:\\\/\\\/gobiernu.cw\\\/\",\"name\":\"Informashon tokante Gobi\u00e8rnu di K\u00f2rsou\",\"description\":\"Gobi\u00e8rnu di K\u00f2rsou\",\"publisher\":{\"@id\":\"https:\\\/\\\/gobiernu.cw\\\/#organization\"},\"potentialAction\":[{\"@type\":\"SearchAction\",\"target\":{\"@type\":\"EntryPoint\",\"urlTemplate\":\"https:\\\/\\\/gobiernu.cw\\\/?s={search_term_string}\"},\"query-input\":{\"@type\":\"PropertyValueSpecification\",\"valueRequired\":true,\"valueName\":\"search_term_string\"}}],\"inLanguage\":\"nl-NL\"},{\"@type\":\"Organization\",\"@id\":\"https:\\\/\\\/gobiernu.cw\\\/#organization\",\"name\":\"Gobi\u00e8rnu di K\u00f2rsou\",\"url\":\"https:\\\/\\\/gobiernu.cw\\\/\",\"logo\":{\"@type\":\"ImageObject\",\"inLanguage\":\"nl-NL\",\"@id\":\"https:\\\/\\\/gobiernu.cw\\\/#\\\/schema\\\/logo\\\/image\\\/\",\"url\":\"https:\\\/\\\/gobiernu.cw\\\/wp-content\\\/uploads\\\/2019\\\/01\\\/Logo_regering_3.png\",\"contentUrl\":\"https:\\\/\\\/gobiernu.cw\\\/wp-content\\\/uploads\\\/2019\\\/01\\\/Logo_regering_3.png\",\"width\":129,\"height\":115,\"caption\":\"Gobi\u00e8rnu di K\u00f2rsou\"},\"image\":{\"@id\":\"https:\\\/\\\/gobiernu.cw\\\/#\\\/schema\\\/logo\\\/image\\\/\"}}]}<\/script>\n<!-- \/ Yoast SEO plugin. -->","yoast_head_json":{"title":"Heeft u recentelijk uw paspoort of s\u00e9dula vernieuwd? Zo ja, hoe vindt u de dienstverlening van Publieke Zaken (Kranshi)? - Informashon tokante Gobi\u00e8rnu di K\u00f2rsou","robots":{"index":"index","follow":"follow","max-snippet":"max-snippet:-1","max-image-preview":"max-image-preview:large","max-video-preview":"max-video-preview:-1"},"canonical":"https:\/\/gobiernu.cw\/nl\/tegenwoordig-is-het-mogelijk-om-online-een-afspraak-te-maken-voor-het-verlengen-nieuw-aanvragen-van-een-paspoort-sedula-en-rijbewijs\/","twitter_card":"summary_large_image","twitter_title":"Heeft u recentelijk uw paspoort of s\u00e9dula vernieuwd? Zo ja, hoe vindt u de dienstverlening van Publieke Zaken (Kranshi)? - Informashon tokante Gobi\u00e8rnu di K\u00f2rsou","twitter_description":"[yop_poll id=&#8217;1&#8242;]","schema":{"@context":"https:\/\/schema.org","@graph":[{"@type":"WebPage","@id":"https:\/\/gobiernu.cw\/nl\/tegenwoordig-is-het-mogelijk-om-online-een-afspraak-te-maken-voor-het-verlengen-nieuw-aanvragen-van-een-paspoort-sedula-en-rijbewijs\/","url":"https:\/\/gobiernu.cw\/nl\/tegenwoordig-is-het-mogelijk-om-online-een-afspraak-te-maken-voor-het-verlengen-nieuw-aanvragen-van-een-paspoort-sedula-en-rijbewijs\/","name":"Heeft u recentelijk uw paspoort of s\u00e9dula vernieuwd? Zo ja, hoe vindt u de dienstverlening van Publieke Zaken (Kranshi)? - Informashon tokante Gobi\u00e8rnu di K\u00f2rsou","isPartOf":{"@id":"https:\/\/gobiernu.cw\/#website"},"datePublished":"2019-06-20T08:14:44+00:00","dateModified":"2019-08-29T04:17:44+00:00","breadcrumb":{"@id":"https:\/\/gobiernu.cw\/nl\/tegenwoordig-is-het-mogelijk-om-online-een-afspraak-te-maken-voor-het-verlengen-nieuw-aanvragen-van-een-paspoort-sedula-en-rijbewijs\/#breadcrumb"},"inLanguage":"nl-NL","potentialAction":[{"@type":"ReadAction","target":["https:\/\/gobiernu.cw\/nl\/tegenwoordig-is-het-mogelijk-om-online-een-afspraak-te-maken-voor-het-verlengen-nieuw-aanvragen-van-een-paspoort-sedula-en-rijbewijs\/"]}]},{"@type":"BreadcrumbList","@id":"https:\/\/gobiernu.cw\/nl\/tegenwoordig-is-het-mogelijk-om-online-een-afspraak-te-maken-voor-het-verlengen-nieuw-aanvragen-van-een-paspoort-sedula-en-rijbewijs\/#breadcrumb","itemListElement":[{"@type":"ListItem","position":1,"name":"Home","item":"https:\/\/gobiernu.cw\/nl\/"},{"@type":"ListItem","position":2,"name":"Heeft u recentelijk uw paspoort of s\u00e9dula vernieuwd? Zo ja, hoe vindt u de dienstverlening van Publieke Zaken (Kranshi)?"}]},{"@type":"WebSite","@id":"https:\/\/gobiernu.cw\/#website","url":"https:\/\/gobiernu.cw\/","name":"Informashon tokante Gobi\u00e8rnu di K\u00f2rsou","description":"Gobi\u00e8rnu di K\u00f2rsou","publisher":{"@id":"https:\/\/gobiernu.cw\/#organization"},"potentialAction":[{"@type":"SearchAction","target":{"@type":"EntryPoint","urlTemplate":"https:\/\/gobiernu.cw\/?s={search_term_string}"},"query-input":{"@type":"PropertyValueSpecification","valueRequired":true,"valueName":"search_term_string"}}],"inLanguage":"nl-NL"},{"@type":"Organization","@id":"https:\/\/gobiernu.cw\/#organization","name":"Gobi\u00e8rnu di K\u00f2rsou","url":"https:\/\/gobiernu.cw\/","logo":{"@type":"ImageObject","inLanguage":"nl-NL","@id":"https:\/\/gobiernu.cw\/#\/schema\/logo\/image\/","url":"https:\/\/gobiernu.cw\/wp-content\/uploads\/2019\/01\/Logo_regering_3.png","contentUrl":"https:\/\/gobiernu.cw\/wp-content\/uploads\/2019\/01\/Logo_regering_3.png","width":129,"height":115,"caption":"Gobi\u00e8rnu di K\u00f2rsou"},"image":{"@id":"https:\/\/gobiernu.cw\/#\/schema\/logo\/image\/"}}]}},"jetpack_sharing_enabled":true,"_links":{"self":[{"href":"https:\/\/gobiernu.cw\/nl\/wp-json\/wp\/v2\/pages\/2154","targetHints":{"allow":["GET"]}}],"collection":[{"href":"https:\/\/gobiernu.cw\/nl\/wp-json\/wp\/v2\/pages"}],"about":[{"href":"https:\/\/gobiernu.cw\/nl\/wp-json\/wp\/v2\/types\/page"}],"author":[{"embeddable":true,"href":"https:\/\/gobiernu.cw\/nl\/wp-json\/wp\/v2\/users\/1"}],"replies":[{"embeddable":true,"href":"https:\/\/gobiernu.cw\/nl\/wp-json\/wp\/v2\/comments?post=2154"}],"version-history":[{"count":2,"href":"https:\/\/gobiernu.cw\/nl\/wp-json\/wp\/v2\/pages\/2154\/revisions"}],"predecessor-version":[{"id":28091,"href":"https:\/\/gobiernu.cw\/nl\/wp-json\/wp\/v2\/pages\/2154\/revisions\/28091"}],"wp:attachment":[{"href":"https:\/\/gobiernu.cw\/nl\/wp-json\/wp\/v2\/media?parent=2154"}],"wp:term":[{"taxonomy":"ministry","embeddable":true,"href":"https:\/\/gobiernu.cw\/nl\/wp-json\/wp\/v2\/ministry?post=2154"}],"curies":[{"name":"wp","href":"https:\/\/api.w.org\/{rel}","templated":true}]}}