{"id":27147,"date":"2019-07-24T10:00:49","date_gmt":"2019-07-24T10:00:49","guid":{"rendered":"https:\/\/gobiernu.cw\/situashon-venezuela\/"},"modified":"2019-07-29T06:16:41","modified_gmt":"2019-07-29T06:16:41","slug":"situatie-venezuela","status":"publish","type":"page","link":"https:\/\/gobiernu.cw\/nl\/situatie-venezuela\/","title":{"rendered":"Situatie Venezuela"},"content":{"rendered":"<div class=\"wpb-content-wrapper\"><p>[vc_row][vc_column][vc_empty_space height=&#8221;5px&#8221;][\/vc_column][\/vc_row][vc_row el_class=&#8221;situashon_venezuela&#8221;][vc_column width=&#8221;1\/4&#8243; el_class=&#8221;abc&#8221;][vc_raw_html]JTNDZmlndXJlJTIwY2xhc3MlM0QlMjJmaWd1cmVfY2xhc3MlMjIlM0UlMEElMjAlMjAlMjAlM0NhJTIwaHJlZiUzRCUyMiUyRm5vdGlzaWElMkYlM0Zwb3N0X2NhdCUzRDI4JTIyJTNFJTIwJTNDaW1nJTIwc3JjJTNEJTIyJTJGd3AtY29udGVudCUyRnVwbG9hZHMlMkYyMDE5JTJGMDclMkZ1cGRhdGUtMTY3MjM2M185NjBfNzIwLTMwYzYxY2VmODRlOTc1OTBmZjFiZmJjZWU1NDhkNjVjLmpwZyUyMiUwQSUyMCUyMCUyMCUyMCUyMCUyMCUyMCUyMCUyMGFsdCUzRCUyMkVsZXBoYW50JTIwYXQlMjBzdW5zZXQlMjIlM0UlMEElMjAlMjAlMjAlMjAlM0NmaWdjYXB0aW9uJTNFVWx0aW1vJTIwbm90aXNpYSUyMCVFMiU4MCVCQSUzQyUyRmZpZ2NhcHRpb24lM0UlMEElM0MlMkZhJTNFJTBBJTNDJTJGZmlndXJlJTNFJTBB[\/vc_raw_html][\/vc_column][vc_column width=&#8221;1\/4&#8243;][vc_raw_html]JTNDZmlndXJlJTIwY2xhc3MlM0QlMjJmaWd1cmVfY2xhc3MlMjIlM0UlMEElMjAlMjAlMjAlM0NhJTIwaHJlZiUzRCUyMiUyRm5sJTJGbmVlbS1jb250YWN0LW9wLW1ldC1vbnMlMkYlMjIlM0UlMjAlM0NpbWclMjBzcmMlM0QlMjIlMkZ3cC1jb250ZW50JTJGdXBsb2FkcyUyRjIwMTklMkYwNyUyRnNtYXJ0cGhvbmUtMzE1MjY3OV85NjBfNzIwLWJjZWU5MjI5YTk0Y2VjZDc4YWJhMDY5OTRjOWQ1ODI3LmpwZyUyMiUwQSUyMCUyMCUyMCUyMCUyMCUyMCUyMCUyMCUyMGFsdCUzRCUyMkVsZXBoYW50JTIwYXQlMjBzdW5zZXQlMjIlM0UlMEElMjAlMjAlMjAlMjAlM0NmaWdjYXB0aW9uJTNFS29udGFrdG8lMjAlRTIlODAlQkElM0MlMkZmaWdjYXB0aW9uJTNFJTBBJTNDJTJGYSUzRSUwQSUzQyUyRmZpZ3VyZSUzRSUwQQ==[\/vc_raw_html][\/vc_column][vc_column width=&#8221;1\/4&#8243;][vc_raw_html]JTNDZmlndXJlJTIwY2xhc3MlM0QlMjJmaWd1cmVfY2xhc3MlMjIlM0UlMEElMjAlMjAlMjAlM0NhJTIwaHJlZiUzRCUyMiUyRm5sJTJGZmFxJTJGJTIzc2l0dWF0aWUtdmVuZXp1ZWxhLW5sJTIyJTNFJTIwJTNDaW1nJTIwc3JjJTNEJTIyJTJGd3AtY29udGVudCUyRnVwbG9hZHMlMkYyMDE5JTJGMDclMkZ2cmFhZy1lNzY1ZmIzODM0OTMwZmMyYzYwZWUzODUxMDFlMzgwNi5qcGclMjIlMEElMjAlMjAlMjAlMjAlMjAlMjAlMjAlMjAlMjBhbHQlM0QlMjJFbGVwaGFudCUyMGF0JTIwc3Vuc2V0JTIyJTNFJTBBJTIwJTIwJTIwJTIwJTNDZmlnY2FwdGlvbiUzRVByZWd1bnRhbmFuJTIwbWFzJTIwaGFzJUMzJUFEJTIwJUUyJTgwJUJBJTNDJTJGZmlnY2FwdGlvbiUzRSUwQSUzQyUyRmElM0UlMEElM0MlMkZmaWd1cmUlM0UlMEE=[\/vc_raw_html][\/vc_column][vc_column width=&#8221;1\/4&#8243;][vc_raw_html]JTNDZmlndXJlJTIwY2xhc3MlM0QlMjJmaWd1cmVfY2xhc3MlMjIlM0UlMEElMjAlMjAlMjAlM0NhJTIwaHJlZiUzRCUyMiUyRm5sJTJGcmVnaXN0cmF0aWUtZm9ybXVsaWVyLXZlbmV6dWVsYSUyRiUyMiUzRSUyMCUzQ2ltZyUyMHNyYyUzRCUyMiUyRndwLWNvbnRlbnQlMkZ1cGxvYWRzJTJGMjAxOSUyRjA3JTJGcmVnLl8tZGEwMGQyZThkOTA5NDM0ZjJkYzk0YTYxYTc1ODQ1NjMucG5nJTIyJTBBJTIwJTIwJTIwJTIwJTIwJTIwJTIwJTIwJTIwYWx0JTNEJTIyRWxlcGhhbnQlMjBhdCUyMHN1bnNldCUyMiUzRSUwQSUyMCUyMCUyMCUyMCUzQ2ZpZ2NhcHRpb24lM0VSZWdpc3RyYXNob24lMjAlRTIlODAlQkElM0MlMkZmaWdjYXB0aW9uJTNFJTBBJTNDJTJGYSUzRSUwQSUzQyUyRmZpZ3VyZSUzRSUwQQ==[\/vc_raw_html][\/vc_column][\/vc_row][vc_row][vc_column width=&#8221;1\/3&#8243;][vc_column_text]<\/p>\n<h3 class=\"page_title_sidebar\">Vragen? <i class=\"fa fa-arrow-down\"><\/i><\/h3>\n<p class=\"sidebar_text\">Heeft u vragen met betrekking tot dit thema of kunt u het antwoord niet vinden?<\/p>\n<p class=\"sidebar_text\"><a href=\"#\"> Neem contact met ons op <i class=\"fa fa-angle-right\"><\/i><\/a><\/p>\n<div class=\"Stuatie_deel\">\n<h3 class=\"page_title_sidebar\">Deel deze pagina <i class=\"fa fa-arrow-down\"><\/i><\/h3>\n<ul class=\"list-socials list-inline list-clean bsb-btn-container\">\n<li><a class=\"btn bsb-btn bsb-btn-facebook js-share\" title=\"Deel deze pagina via Facebook\" href=\"https:\/\/www.facebook.com\/sharer\/sharer.php?u=https:\/\/gobiernu.cw&lt;?php echo $uri_path; ?&gt;\" target=\"_blank\" rel=\"noopener noreferrer\"><br \/>\n<i class=\"fa fa-facebook\"><\/i><br \/>\n<\/a><\/li>\n<li><a class=\"btn bsb-btn bsb-btn-twitter js-share\" title=\"Deel deze pagina via Twitter\" href=\"https:\/\/twitter.com\/share?url=https:\/\/gobiernu.cw&lt;?php echo $uri_path; ?&gt;\" target=\"_blank\" rel=\"noopener noreferrer\"><br \/>\n<i class=\"fa fa-twitter\"><\/i><br \/>\n<\/a><\/li>\n<li><a class=\"btn bsb-btn bsb-btn-linkedin js-share\" title=\"Deel deze pagina via LinkedIn\" href=\"https:\/\/www.linkedin.com\/cws\/share?url=https:\/\/gobiernu.cw&lt;?php echo $uri_path; ?&gt;\" target=\"_blank\" rel=\"noopener noreferrer\"><br \/>\n<i class=\"fa fa-linkedin\"><\/i><br \/>\n<\/a><\/li>\n<\/ul>\n<\/div>\n<p>[\/vc_column_text][\/vc_column][vc_column width=&#8221;2\/3&#8243;][vc_empty_space height=&#8221;7px&#8221;][vc_column_text el_class=&#8221;page_title&#8221;]Situatie Venezuela<i class=\"fa fa-arrow-down\" style=\"color: #253c7e;\"><\/i>[\/vc_column_text][vc_column_text]De situatie in Venezuela heeft op verschillende manieren invloed op Cura\u00e7ao. Venezuela is ons \u02b9buurland\u02b9, met slechts 67 kilometer zee tussen de beide landsgrenzen. Venezuela is en zal altijd een belangrijk buurland van Cura\u00e7ao blijven, gezien de historische, culturele, sociale, economische en familie verwevenheid tussen de twee landen. De Regering van Cura\u00e7ao zal te allen tijde opkomen voor de belangen van de bevolking van Cura\u00e7ao, zowel binnen het Koninkrijk als in Venezuela.<\/p>\n<p>De ontwikkelingen in Venezuela maken de thema\u2019s asiel, bescherming en humanitaire hulp zeer actueel. Dit is op zowel internationaal niveau als lokaal het geval.<\/p>\n<p>Meer informatie en uitleg over:[\/vc_column_text][vc_column_text]<\/p>\n<ul>\n<li style=\"list-style-type: none;\">\n<ul>\n<li><a href=\"\/nl\/zoeken\/?s=venezuela\">Actualiteit en beleid met betrekking tot de situatie in Venezuela<\/a><\/li>\n<li><a href=\"\/nl\/humanitaire-hulp-venezuela\/\">De Humanitaire Hub op Cura\u00e7ao<\/a><br \/>\n(Regels om ontvangst en opslag van hulp aan de Venezolaanse bevolking goed te laten verlopen)<\/li>\n<\/ul>\n<\/li>\n<\/ul>\n<p>[\/vc_column_text][vc_column_text]<strong>Situation Venezuela (english version)<\/strong><\/p>\n<p>The situation in Venezuela affects Cura\u00e7ao in various ways. Venezuela is our &#8216;neighbor&#8217;, with only 67 kilometers of sea between the two national borders. Venezuela is and will always remain an important neighbor of Cura\u00e7ao, given the historical, cultural, social, economic and family intertwining between the two countries. The Government of Cura\u00e7ao will at all times stand up for the interests of the people of Cura\u00e7ao, both within the Kingdom and in Venezuela.<\/p>\n<p>The developments in Venezuela make the asylum, protection and humanitarian aid themes very topical. This is the case at both international and local level.[\/vc_column_text][vc_column_text]More information and explanation about:<\/p>\n<ul>\n<li style=\"list-style-type: none;\">\n<ul>\n<li style=\"list-style-type: none;\">\n<ul>\n<li>News and policy regarding the situation in Venezuela<\/li>\n<li><a href=\"\/nl\/humanitaire-hulp-venezuela\/\">The Humanitarian Hub on Cura\u00e7ao<\/a><br \/>\n(Rules for the reception and storage of aid to the Venezuelan population to run smoothly)<\/li>\n<\/ul>\n<\/li>\n<\/ul>\n<\/li>\n<\/ul>\n<p>[\/vc_column_text][\/vc_column][\/vc_row]<\/p>\n<\/div>","protected":false},"excerpt":{"rendered":"<p>[vc_row][vc_column][vc_empty_space height=&#8221;5px&#8221;][\/vc_column][\/vc_row][vc_row el_class=&#8221;situashon_venezuela&#8221;][vc_column width=&#8221;1\/4&#8243; el_class=&#8221;abc&#8221;][vc_raw_html]JTNDZmlndXJlJTIwY2xhc3MlM0QlMjJmaWd1cmVfY2xhc3MlMjIlM0UlMEElMjAlMjAlMjAlM0NhJTIwaHJlZiUzRCUyMiUyRm5vdGlzaWElMkYlM0Zwb3N0X2NhdCUzRDI4JTIyJTNFJTIwJTNDaW1nJTIwc3JjJTNEJTIyJTJGd3AtY29udGVudCUyRnVwbG9hZHMlMkYyMDE5JTJGMDclMkZ1cGRhdGUtMTY3MjM2M185NjBfNzIwLTMwYzYxY2VmODRlOTc1OTBmZjFiZmJjZWU1NDhkNjVjLmpwZyUyMiUwQSUyMCUyMCUyMCUyMCUyMCUyMCUyMCUyMCUyMGFsdCUzRCUyMkVsZXBoYW50JTIwYXQlMjBzdW5zZXQlMjIlM0UlMEElMjAlMjAlMjAlMjAlM0NmaWdjYXB0aW9uJTNFVWx0aW1vJTIwbm90aXNpYSUyMCVFMiU4MCVCQSUzQyUyRmZpZ2NhcHRpb24lM0UlMEElM0MlMkZhJTNFJTBBJTNDJTJGZmlndXJlJTNFJTBB[\/vc_raw_html][\/vc_column][vc_column width=&#8221;1\/4&#8243;][vc_raw_html]JTNDZmlndXJlJTIwY2xhc3MlM0QlMjJmaWd1cmVfY2xhc3MlMjIlM0UlMEElMjAlMjAlMjAlM0NhJTIwaHJlZiUzRCUyMiUyRm5sJTJGbmVlbS1jb250YWN0LW9wLW1ldC1vbnMlMkYlMjIlM0UlMjAlM0NpbWclMjBzcmMlM0QlMjIlMkZ3cC1jb250ZW50JTJGdXBsb2FkcyUyRjIwMTklMkYwNyUyRnNtYXJ0cGhvbmUtMzE1MjY3OV85NjBfNzIwLWJjZWU5MjI5YTk0Y2VjZDc4YWJhMDY5OTRjOWQ1ODI3LmpwZyUyMiUwQSUyMCUyMCUyMCUyMCUyMCUyMCUyMCUyMCUyMGFsdCUzRCUyMkVsZXBoYW50JTIwYXQlMjBzdW5zZXQlMjIlM0UlMEElMjAlMjAlMjAlMjAlM0NmaWdjYXB0aW9uJTNFS29udGFrdG8lMjAlRTIlODAlQkElM0MlMkZmaWdjYXB0aW9uJTNFJTBBJTNDJTJGYSUzRSUwQSUzQyUyRmZpZ3VyZSUzRSUwQQ==[\/vc_raw_html][\/vc_column][vc_column width=&#8221;1\/4&#8243;][vc_raw_html]JTNDZmlndXJlJTIwY2xhc3MlM0QlMjJmaWd1cmVfY2xhc3MlMjIlM0UlMEElMjAlMjAlMjAlM0NhJTIwaHJlZiUzRCUyMiUyRm5sJTJGZmFxJTJGJTIzc2l0dWF0aWUtdmVuZXp1ZWxhLW5sJTIyJTNFJTIwJTNDaW1nJTIwc3JjJTNEJTIyJTJGd3AtY29udGVudCUyRnVwbG9hZHMlMkYyMDE5JTJGMDclMkZ2cmFhZy1lNzY1ZmIzODM0OTMwZmMyYzYwZWUzODUxMDFlMzgwNi5qcGclMjIlMEElMjAlMjAlMjAlMjAlMjAlMjAlMjAlMjAlMjBhbHQlM0QlMjJFbGVwaGFudCUyMGF0JTIwc3Vuc2V0JTIyJTNFJTBBJTIwJTIwJTIwJTIwJTNDZmlnY2FwdGlvbiUzRVByZWd1bnRhbmFuJTIwbWFzJTIwaGFzJUMzJUFEJTIwJUUyJTgwJUJBJTNDJTJGZmlnY2FwdGlvbiUzRSUwQSUzQyUyRmElM0UlMEElM0MlMkZmaWd1cmUlM0UlMEE=[\/vc_raw_html][\/vc_column][vc_column width=&#8221;1\/4&#8243;][vc_raw_html]JTNDZmlndXJlJTIwY2xhc3MlM0QlMjJmaWd1cmVfY2xhc3MlMjIlM0UlMEElMjAlMjAlMjAlM0NhJTIwaHJlZiUzRCUyMiUyRm5sJTJGcmVnaXN0cmF0aWUtZm9ybXVsaWVyLXZlbmV6dWVsYSUyRiUyMiUzRSUyMCUzQ2ltZyUyMHNyYyUzRCUyMiUyRndwLWNvbnRlbnQlMkZ1cGxvYWRzJTJGMjAxOSUyRjA3JTJGcmVnLl8tZGEwMGQyZThkOTA5NDM0ZjJkYzk0YTYxYTc1ODQ1NjMucG5nJTIyJTBBJTIwJTIwJTIwJTIwJTIwJTIwJTIwJTIwJTIwYWx0JTNEJTIyRWxlcGhhbnQlMjBhdCUyMHN1bnNldCUyMiUzRSUwQSUyMCUyMCUyMCUyMCUzQ2ZpZ2NhcHRpb24lM0VSZWdpc3RyYXNob24lMjAlRTIlODAlQkElM0MlMkZmaWdjYXB0aW9uJTNFJTBBJTNDJTJGYSUzRSUwQSUzQyUyRmZpZ3VyZSUzRSUwQQ==[\/vc_raw_html][\/vc_column][\/vc_row][vc_row][vc_column width=&#8221;1\/3&#8243;][vc_column_text] Vragen? Heeft u vragen met betrekking tot dit thema of kunt u het antwoord niet vinden? Neem<span class=\"excerpt-hellip\"> [\u2026]<\/span><\/p>\n","protected":false},"author":1,"featured_media":24609,"parent":0,"menu_order":71,"comment_status":"closed","ping_status":"closed","template":"","meta":{"_acf_changed":false,"_crdt_document":"","footnotes":""},"ministry":[],"class_list":["post-27147","page","type-page","status-publish","has-post-thumbnail","hentry"],"acf":[],"yoast_head":"<!-- This site is optimized with the Yoast SEO plugin v27.4 - https:\/\/yoast.com\/product\/yoast-seo-wordpress\/ -->\n<title>Situatie Venezuela - Informashon tokante Gobi\u00e8rnu di K\u00f2rsou<\/title>\n<meta name=\"robots\" content=\"index, follow, max-snippet:-1, max-image-preview:large, max-video-preview:-1\" \/>\n<link rel=\"canonical\" href=\"https:\/\/gobiernu.cw\/nl\/situatie-venezuela\/\" \/>\n<meta name=\"twitter:card\" content=\"summary_large_image\" \/>\n<meta name=\"twitter:title\" content=\"Situatie Venezuela - Informashon tokante Gobi\u00e8rnu di K\u00f2rsou\" \/>\n<meta name=\"twitter:description\" content=\"[vc_row][vc_column][vc_empty_space height=&#8221;5px&#8221;][\/vc_column][\/vc_row][vc_row el_class=&#8221;situashon_venezuela&#8221;][vc_column width=&#8221;1\/4&#8243; el_class=&#8221;abc&#8221;][vc_raw_html]JTNDZmlndXJlJTIwY2xhc3MlM0QlMjJmaWd1cmVfY2xhc3MlMjIlM0UlMEElMjAlMjAlMjAlM0NhJTIwaHJlZiUzRCUyMiUyRm5vdGlzaWElMkYlM0Zwb3N0X2NhdCUzRDI4JTIyJTNFJTIwJTNDaW1nJTIwc3JjJTNEJTIyJTJGd3AtY29udGVudCUyRnVwbG9hZHMlMkYyMDE5JTJGMDclMkZ1cGRhdGUtMTY3MjM2M185NjBfNzIwLTMwYzYxY2VmODRlOTc1OTBmZjFiZmJjZWU1NDhkNjVjLmpwZyUyMiUwQSUyMCUyMCUyMCUyMCUyMCUyMCUyMCUyMCUyMGFsdCUzRCUyMkVsZXBoYW50JTIwYXQlMjBzdW5zZXQlMjIlM0UlMEElMjAlMjAlMjAlMjAlM0NmaWdjYXB0aW9uJTNFVWx0aW1vJTIwbm90aXNpYSUyMCVFMiU4MCVCQSUzQyUyRmZpZ2NhcHRpb24lM0UlMEElM0MlMkZhJTNFJTBBJTNDJTJGZmlndXJlJTNFJTBB[\/vc_raw_html][\/vc_column][vc_column width=&#8221;1\/4&#8243;][vc_raw_html]JTNDZmlndXJlJTIwY2xhc3MlM0QlMjJmaWd1cmVfY2xhc3MlMjIlM0UlMEElMjAlMjAlMjAlM0NhJTIwaHJlZiUzRCUyMiUyRm5sJTJGbmVlbS1jb250YWN0LW9wLW1ldC1vbnMlMkYlMjIlM0UlMjAlM0NpbWclMjBzcmMlM0QlMjIlMkZ3cC1jb250ZW50JTJGdXBsb2FkcyUyRjIwMTklMkYwNyUyRnNtYXJ0cGhvbmUtMzE1MjY3OV85NjBfNzIwLWJjZWU5MjI5YTk0Y2VjZDc4YWJhMDY5OTRjOWQ1ODI3LmpwZyUyMiUwQSUyMCUyMCUyMCUyMCUyMCUyMCUyMCUyMCUyMGFsdCUzRCUyMkVsZXBoYW50JTIwYXQlMjBzdW5zZXQlMjIlM0UlMEElMjAlMjAlMjAlMjAlM0NmaWdjYXB0aW9uJTNFS29udGFrdG8lMjAlRTIlODAlQkElM0MlMkZmaWdjYXB0aW9uJTNFJTBBJTNDJTJGYSUzRSUwQSUzQyUyRmZpZ3VyZSUzRSUwQQ==[\/vc_raw_html][\/vc_column][vc_column width=&#8221;1\/4&#8243;][vc_raw_html]JTNDZmlndXJlJTIwY2xhc3MlM0QlMjJmaWd1cmVfY2xhc3MlMjIlM0UlMEElMjAlMjAlMjAlM0NhJTIwaHJlZiUzRCUyMiUyRm5sJTJGZmFxJTJGJTIzc2l0dWF0aWUtdmVuZXp1ZWxhLW5sJTIyJTNFJTIwJTNDaW1nJTIwc3JjJTNEJTIyJTJGd3AtY29udGVudCUyRnVwbG9hZHMlMkYyMDE5JTJGMDclMkZ2cmFhZy1lNzY1ZmIzODM0OTMwZmMyYzYwZWUzODUxMDFlMzgwNi5qcGclMjIlMEElMjAlMjAlMjAlMjAlMjAlMjAlMjAlMjAlMjBhbHQlM0QlMjJFbGVwaGFudCUyMGF0JTIwc3Vuc2V0JTIyJTNFJTBBJTIwJTIwJTIwJTIwJTNDZmlnY2FwdGlvbiUzRVByZWd1bnRhbmFuJTIwbWFzJTIwaGFzJUMzJUFEJTIwJUUyJTgwJUJBJTNDJTJGZmlnY2FwdGlvbiUzRSUwQSUzQyUyRmElM0UlMEElM0MlMkZmaWd1cmUlM0UlMEE=[\/vc_raw_html][\/vc_column][vc_column width=&#8221;1\/4&#8243;][vc_raw_html]JTNDZmlndXJlJTIwY2xhc3MlM0QlMjJmaWd1cmVfY2xhc3MlMjIlM0UlMEElMjAlMjAlMjAlM0NhJTIwaHJlZiUzRCUyMiUyRm5sJTJGcmVnaXN0cmF0aWUtZm9ybXVsaWVyLXZlbmV6dWVsYSUyRiUyMiUzRSUyMCUzQ2ltZyUyMHNyYyUzRCUyMiUyRndwLWNvbnRlbnQlMkZ1cGxvYWRzJTJGMjAxOSUyRjA3JTJGcmVnLl8tZGEwMGQyZThkOTA5NDM0ZjJkYzk0YTYxYTc1ODQ1NjMucG5nJTIyJTBBJTIwJTIwJTIwJTIwJTIwJTIwJTIwJTIwJTIwYWx0JTNEJTIyRWxlcGhhbnQlMjBhdCUyMHN1bnNldCUyMiUzRSUwQSUyMCUyMCUyMCUyMCUzQ2ZpZ2NhcHRpb24lM0VSZWdpc3RyYXNob24lMjAlRTIlODAlQkElM0MlMkZmaWdjYXB0aW9uJTNFJTBBJTNDJTJGYSUzRSUwQSUzQyUyRmZpZ3VyZSUzRSUwQQ==[\/vc_raw_html][\/vc_column][\/vc_row][vc_row][vc_column width=&#8221;1\/3&#8243;][vc_column_text] Vragen? Heeft u vragen met betrekking tot dit thema of kunt u het antwoord niet vinden? Neem [\u2026]\" \/>\n<meta name=\"twitter:image\" content=\"https:\/\/gobiernu.cw\/wp-content\/uploads\/2019\/07\/www.gobiernu.cw857crisis-venezuela-slider-nl-01071adc79c768f1ef65841b15a5ff88.png\" \/>\n<meta name=\"twitter:label1\" content=\"Geschatte leestijd\" \/>\n\t<meta name=\"twitter:data1\" content=\"3 minuten\" \/>\n<script type=\"application\/ld+json\" class=\"yoast-schema-graph\">{\"@context\":\"https:\\\/\\\/schema.org\",\"@graph\":[{\"@type\":\"WebPage\",\"@id\":\"https:\\\/\\\/gobiernu.cw\\\/nl\\\/situatie-venezuela\\\/\",\"url\":\"https:\\\/\\\/gobiernu.cw\\\/nl\\\/situatie-venezuela\\\/\",\"name\":\"Situatie Venezuela - Informashon tokante Gobi\u00e8rnu di K\u00f2rsou\",\"isPartOf\":{\"@id\":\"https:\\\/\\\/gobiernu.cw\\\/#website\"},\"primaryImageOfPage\":{\"@id\":\"https:\\\/\\\/gobiernu.cw\\\/nl\\\/situatie-venezuela\\\/#primaryimage\"},\"image\":{\"@id\":\"https:\\\/\\\/gobiernu.cw\\\/nl\\\/situatie-venezuela\\\/#primaryimage\"},\"thumbnailUrl\":\"https:\\\/\\\/gobiernu.cw\\\/wp-content\\\/uploads\\\/2019\\\/07\\\/www.gobiernu.cw857crisis-venezuela-slider-nl-01071adc79c768f1ef65841b15a5ff88.png\",\"datePublished\":\"2019-07-24T10:00:49+00:00\",\"dateModified\":\"2019-07-29T06:16:41+00:00\",\"breadcrumb\":{\"@id\":\"https:\\\/\\\/gobiernu.cw\\\/nl\\\/situatie-venezuela\\\/#breadcrumb\"},\"inLanguage\":\"nl-NL\",\"potentialAction\":[{\"@type\":\"ReadAction\",\"target\":[\"https:\\\/\\\/gobiernu.cw\\\/nl\\\/situatie-venezuela\\\/\"]}]},{\"@type\":\"ImageObject\",\"inLanguage\":\"nl-NL\",\"@id\":\"https:\\\/\\\/gobiernu.cw\\\/nl\\\/situatie-venezuela\\\/#primaryimage\",\"url\":\"https:\\\/\\\/gobiernu.cw\\\/wp-content\\\/uploads\\\/2019\\\/07\\\/www.gobiernu.cw857crisis-venezuela-slider-nl-01071adc79c768f1ef65841b15a5ff88.png\",\"contentUrl\":\"https:\\\/\\\/gobiernu.cw\\\/wp-content\\\/uploads\\\/2019\\\/07\\\/www.gobiernu.cw857crisis-venezuela-slider-nl-01071adc79c768f1ef65841b15a5ff88.png\",\"width\":1900,\"height\":460},{\"@type\":\"BreadcrumbList\",\"@id\":\"https:\\\/\\\/gobiernu.cw\\\/nl\\\/situatie-venezuela\\\/#breadcrumb\",\"itemListElement\":[{\"@type\":\"ListItem\",\"position\":1,\"name\":\"Home\",\"item\":\"https:\\\/\\\/gobiernu.cw\\\/nl\\\/\"},{\"@type\":\"ListItem\",\"position\":2,\"name\":\"Situatie Venezuela\"}]},{\"@type\":\"WebSite\",\"@id\":\"https:\\\/\\\/gobiernu.cw\\\/#website\",\"url\":\"https:\\\/\\\/gobiernu.cw\\\/\",\"name\":\"Informashon tokante Gobi\u00e8rnu di K\u00f2rsou\",\"description\":\"Gobi\u00e8rnu di K\u00f2rsou\",\"publisher\":{\"@id\":\"https:\\\/\\\/gobiernu.cw\\\/#organization\"},\"potentialAction\":[{\"@type\":\"SearchAction\",\"target\":{\"@type\":\"EntryPoint\",\"urlTemplate\":\"https:\\\/\\\/gobiernu.cw\\\/?s={search_term_string}\"},\"query-input\":{\"@type\":\"PropertyValueSpecification\",\"valueRequired\":true,\"valueName\":\"search_term_string\"}}],\"inLanguage\":\"nl-NL\"},{\"@type\":\"Organization\",\"@id\":\"https:\\\/\\\/gobiernu.cw\\\/#organization\",\"name\":\"Gobi\u00e8rnu di K\u00f2rsou\",\"url\":\"https:\\\/\\\/gobiernu.cw\\\/\",\"logo\":{\"@type\":\"ImageObject\",\"inLanguage\":\"nl-NL\",\"@id\":\"https:\\\/\\\/gobiernu.cw\\\/#\\\/schema\\\/logo\\\/image\\\/\",\"url\":\"https:\\\/\\\/gobiernu.cw\\\/wp-content\\\/uploads\\\/2019\\\/01\\\/Logo_regering_3.png\",\"contentUrl\":\"https:\\\/\\\/gobiernu.cw\\\/wp-content\\\/uploads\\\/2019\\\/01\\\/Logo_regering_3.png\",\"width\":129,\"height\":115,\"caption\":\"Gobi\u00e8rnu di K\u00f2rsou\"},\"image\":{\"@id\":\"https:\\\/\\\/gobiernu.cw\\\/#\\\/schema\\\/logo\\\/image\\\/\"}}]}<\/script>\n<!-- \/ Yoast SEO plugin. -->","yoast_head_json":{"title":"Situatie Venezuela - Informashon tokante Gobi\u00e8rnu di K\u00f2rsou","robots":{"index":"index","follow":"follow","max-snippet":"max-snippet:-1","max-image-preview":"max-image-preview:large","max-video-preview":"max-video-preview:-1"},"canonical":"https:\/\/gobiernu.cw\/nl\/situatie-venezuela\/","twitter_card":"summary_large_image","twitter_title":"Situatie Venezuela - Informashon tokante Gobi\u00e8rnu di K\u00f2rsou","twitter_description":"[vc_row][vc_column][vc_empty_space height=&#8221;5px&#8221;][\/vc_column][\/vc_row][vc_row el_class=&#8221;situashon_venezuela&#8221;][vc_column width=&#8221;1\/4&#8243; el_class=&#8221;abc&#8221;][vc_raw_html]JTNDZmlndXJlJTIwY2xhc3MlM0QlMjJmaWd1cmVfY2xhc3MlMjIlM0UlMEElMjAlMjAlMjAlM0NhJTIwaHJlZiUzRCUyMiUyRm5vdGlzaWElMkYlM0Zwb3N0X2NhdCUzRDI4JTIyJTNFJTIwJTNDaW1nJTIwc3JjJTNEJTIyJTJGd3AtY29udGVudCUyRnVwbG9hZHMlMkYyMDE5JTJGMDclMkZ1cGRhdGUtMTY3MjM2M185NjBfNzIwLTMwYzYxY2VmODRlOTc1OTBmZjFiZmJjZWU1NDhkNjVjLmpwZyUyMiUwQSUyMCUyMCUyMCUyMCUyMCUyMCUyMCUyMCUyMGFsdCUzRCUyMkVsZXBoYW50JTIwYXQlMjBzdW5zZXQlMjIlM0UlMEElMjAlMjAlMjAlMjAlM0NmaWdjYXB0aW9uJTNFVWx0aW1vJTIwbm90aXNpYSUyMCVFMiU4MCVCQSUzQyUyRmZpZ2NhcHRpb24lM0UlMEElM0MlMkZhJTNFJTBBJTNDJTJGZmlndXJlJTNFJTBB[\/vc_raw_html][\/vc_column][vc_column width=&#8221;1\/4&#8243;][vc_raw_html]JTNDZmlndXJlJTIwY2xhc3MlM0QlMjJmaWd1cmVfY2xhc3MlMjIlM0UlMEElMjAlMjAlMjAlM0NhJTIwaHJlZiUzRCUyMiUyRm5sJTJGbmVlbS1jb250YWN0LW9wLW1ldC1vbnMlMkYlMjIlM0UlMjAlM0NpbWclMjBzcmMlM0QlMjIlMkZ3cC1jb250ZW50JTJGdXBsb2FkcyUyRjIwMTklMkYwNyUyRnNtYXJ0cGhvbmUtMzE1MjY3OV85NjBfNzIwLWJjZWU5MjI5YTk0Y2VjZDc4YWJhMDY5OTRjOWQ1ODI3LmpwZyUyMiUwQSUyMCUyMCUyMCUyMCUyMCUyMCUyMCUyMCUyMGFsdCUzRCUyMkVsZXBoYW50JTIwYXQlMjBzdW5zZXQlMjIlM0UlMEElMjAlMjAlMjAlMjAlM0NmaWdjYXB0aW9uJTNFS29udGFrdG8lMjAlRTIlODAlQkElM0MlMkZmaWdjYXB0aW9uJTNFJTBBJTNDJTJGYSUzRSUwQSUzQyUyRmZpZ3VyZSUzRSUwQQ==[\/vc_raw_html][\/vc_column][vc_column width=&#8221;1\/4&#8243;][vc_raw_html]JTNDZmlndXJlJTIwY2xhc3MlM0QlMjJmaWd1cmVfY2xhc3MlMjIlM0UlMEElMjAlMjAlMjAlM0NhJTIwaHJlZiUzRCUyMiUyRm5sJTJGZmFxJTJGJTIzc2l0dWF0aWUtdmVuZXp1ZWxhLW5sJTIyJTNFJTIwJTNDaW1nJTIwc3JjJTNEJTIyJTJGd3AtY29udGVudCUyRnVwbG9hZHMlMkYyMDE5JTJGMDclMkZ2cmFhZy1lNzY1ZmIzODM0OTMwZmMyYzYwZWUzODUxMDFlMzgwNi5qcGclMjIlMEElMjAlMjAlMjAlMjAlMjAlMjAlMjAlMjAlMjBhbHQlM0QlMjJFbGVwaGFudCUyMGF0JTIwc3Vuc2V0JTIyJTNFJTBBJTIwJTIwJTIwJTIwJTNDZmlnY2FwdGlvbiUzRVByZWd1bnRhbmFuJTIwbWFzJTIwaGFzJUMzJUFEJTIwJUUyJTgwJUJBJTNDJTJGZmlnY2FwdGlvbiUzRSUwQSUzQyUyRmElM0UlMEElM0MlMkZmaWd1cmUlM0UlMEE=[\/vc_raw_html][\/vc_column][vc_column width=&#8221;1\/4&#8243;][vc_raw_html]JTNDZmlndXJlJTIwY2xhc3MlM0QlMjJmaWd1cmVfY2xhc3MlMjIlM0UlMEElMjAlMjAlMjAlM0NhJTIwaHJlZiUzRCUyMiUyRm5sJTJGcmVnaXN0cmF0aWUtZm9ybXVsaWVyLXZlbmV6dWVsYSUyRiUyMiUzRSUyMCUzQ2ltZyUyMHNyYyUzRCUyMiUyRndwLWNvbnRlbnQlMkZ1cGxvYWRzJTJGMjAxOSUyRjA3JTJGcmVnLl8tZGEwMGQyZThkOTA5NDM0ZjJkYzk0YTYxYTc1ODQ1NjMucG5nJTIyJTBBJTIwJTIwJTIwJTIwJTIwJTIwJTIwJTIwJTIwYWx0JTNEJTIyRWxlcGhhbnQlMjBhdCUyMHN1bnNldCUyMiUzRSUwQSUyMCUyMCUyMCUyMCUzQ2ZpZ2NhcHRpb24lM0VSZWdpc3RyYXNob24lMjAlRTIlODAlQkElM0MlMkZmaWdjYXB0aW9uJTNFJTBBJTNDJTJGYSUzRSUwQSUzQyUyRmZpZ3VyZSUzRSUwQQ==[\/vc_raw_html][\/vc_column][\/vc_row][vc_row][vc_column width=&#8221;1\/3&#8243;][vc_column_text] Vragen? Heeft u vragen met betrekking tot dit thema of kunt u het antwoord niet vinden? Neem [\u2026]","twitter_image":"https:\/\/gobiernu.cw\/wp-content\/uploads\/2019\/07\/www.gobiernu.cw857crisis-venezuela-slider-nl-01071adc79c768f1ef65841b15a5ff88.png","twitter_misc":{"Geschatte leestijd":"3 minuten"},"schema":{"@context":"https:\/\/schema.org","@graph":[{"@type":"WebPage","@id":"https:\/\/gobiernu.cw\/nl\/situatie-venezuela\/","url":"https:\/\/gobiernu.cw\/nl\/situatie-venezuela\/","name":"Situatie Venezuela - Informashon tokante Gobi\u00e8rnu di K\u00f2rsou","isPartOf":{"@id":"https:\/\/gobiernu.cw\/#website"},"primaryImageOfPage":{"@id":"https:\/\/gobiernu.cw\/nl\/situatie-venezuela\/#primaryimage"},"image":{"@id":"https:\/\/gobiernu.cw\/nl\/situatie-venezuela\/#primaryimage"},"thumbnailUrl":"https:\/\/gobiernu.cw\/wp-content\/uploads\/2019\/07\/www.gobiernu.cw857crisis-venezuela-slider-nl-01071adc79c768f1ef65841b15a5ff88.png","datePublished":"2019-07-24T10:00:49+00:00","dateModified":"2019-07-29T06:16:41+00:00","breadcrumb":{"@id":"https:\/\/gobiernu.cw\/nl\/situatie-venezuela\/#breadcrumb"},"inLanguage":"nl-NL","potentialAction":[{"@type":"ReadAction","target":["https:\/\/gobiernu.cw\/nl\/situatie-venezuela\/"]}]},{"@type":"ImageObject","inLanguage":"nl-NL","@id":"https:\/\/gobiernu.cw\/nl\/situatie-venezuela\/#primaryimage","url":"https:\/\/gobiernu.cw\/wp-content\/uploads\/2019\/07\/www.gobiernu.cw857crisis-venezuela-slider-nl-01071adc79c768f1ef65841b15a5ff88.png","contentUrl":"https:\/\/gobiernu.cw\/wp-content\/uploads\/2019\/07\/www.gobiernu.cw857crisis-venezuela-slider-nl-01071adc79c768f1ef65841b15a5ff88.png","width":1900,"height":460},{"@type":"BreadcrumbList","@id":"https:\/\/gobiernu.cw\/nl\/situatie-venezuela\/#breadcrumb","itemListElement":[{"@type":"ListItem","position":1,"name":"Home","item":"https:\/\/gobiernu.cw\/nl\/"},{"@type":"ListItem","position":2,"name":"Situatie Venezuela"}]},{"@type":"WebSite","@id":"https:\/\/gobiernu.cw\/#website","url":"https:\/\/gobiernu.cw\/","name":"Informashon tokante Gobi\u00e8rnu di K\u00f2rsou","description":"Gobi\u00e8rnu di K\u00f2rsou","publisher":{"@id":"https:\/\/gobiernu.cw\/#organization"},"potentialAction":[{"@type":"SearchAction","target":{"@type":"EntryPoint","urlTemplate":"https:\/\/gobiernu.cw\/?s={search_term_string}"},"query-input":{"@type":"PropertyValueSpecification","valueRequired":true,"valueName":"search_term_string"}}],"inLanguage":"nl-NL"},{"@type":"Organization","@id":"https:\/\/gobiernu.cw\/#organization","name":"Gobi\u00e8rnu di K\u00f2rsou","url":"https:\/\/gobiernu.cw\/","logo":{"@type":"ImageObject","inLanguage":"nl-NL","@id":"https:\/\/gobiernu.cw\/#\/schema\/logo\/image\/","url":"https:\/\/gobiernu.cw\/wp-content\/uploads\/2019\/01\/Logo_regering_3.png","contentUrl":"https:\/\/gobiernu.cw\/wp-content\/uploads\/2019\/01\/Logo_regering_3.png","width":129,"height":115,"caption":"Gobi\u00e8rnu di K\u00f2rsou"},"image":{"@id":"https:\/\/gobiernu.cw\/#\/schema\/logo\/image\/"}}]}},"jetpack_sharing_enabled":true,"_links":{"self":[{"href":"https:\/\/gobiernu.cw\/nl\/wp-json\/wp\/v2\/pages\/27147","targetHints":{"allow":["GET"]}}],"collection":[{"href":"https:\/\/gobiernu.cw\/nl\/wp-json\/wp\/v2\/pages"}],"about":[{"href":"https:\/\/gobiernu.cw\/nl\/wp-json\/wp\/v2\/types\/page"}],"author":[{"embeddable":true,"href":"https:\/\/gobiernu.cw\/nl\/wp-json\/wp\/v2\/users\/1"}],"replies":[{"embeddable":true,"href":"https:\/\/gobiernu.cw\/nl\/wp-json\/wp\/v2\/comments?post=27147"}],"version-history":[{"count":4,"href":"https:\/\/gobiernu.cw\/nl\/wp-json\/wp\/v2\/pages\/27147\/revisions"}],"predecessor-version":[{"id":27743,"href":"https:\/\/gobiernu.cw\/nl\/wp-json\/wp\/v2\/pages\/27147\/revisions\/27743"}],"wp:featuredmedia":[{"embeddable":true,"href":"https:\/\/gobiernu.cw\/nl\/wp-json\/wp\/v2\/media\/24609"}],"wp:attachment":[{"href":"https:\/\/gobiernu.cw\/nl\/wp-json\/wp\/v2\/media?parent=27147"}],"wp:term":[{"taxonomy":"ministry","embeddable":true,"href":"https:\/\/gobiernu.cw\/nl\/wp-json\/wp\/v2\/ministry?post=27147"}],"curies":[{"name":"wp","href":"https:\/\/api.w.org\/{rel}","templated":true}]}}