{"id":27330,"date":"2019-07-25T06:48:19","date_gmt":"2019-07-25T06:48:19","guid":{"rendered":"https:\/\/gobiernu.cw\/formulario-di-registrashon-venezuela\/"},"modified":"2019-07-25T11:20:28","modified_gmt":"2019-07-25T11:20:28","slug":"registratie-formulier-venezuela","status":"publish","type":"page","link":"https:\/\/gobiernu.cw\/nl\/registratie-formulier-venezuela\/","title":{"rendered":"Registratie formulier Venezuela"},"content":{"rendered":"<div class=\"wpb-content-wrapper\"><p>[vc_row][vc_column][vc_custom_heading text=&#8221;Registratie formulier Venezuela&#8221; font_container=&#8221;tag:h1|text_align:left&#8221; use_theme_fonts=&#8221;yes&#8221; el_class=&#8221;page_title&#8221;][\/vc_column][\/vc_row][vc_row el_class=&#8221;Formulario_contact_form&#8221;][vc_column]\n<div class=\"wpcf7 no-js\" id=\"wpcf7-f27321-o1\" lang=\"pap-AN\" dir=\"ltr\" data-wpcf7-id=\"27321\">\n<div class=\"screen-reader-response\"><p role=\"status\" aria-live=\"polite\" aria-atomic=\"true\"><\/p> <ul><\/ul><\/div>\n<form action=\"\/nl\/wp-json\/wp\/v2\/pages\/27330#wpcf7-f27321-o1\" method=\"post\" class=\"wpcf7-form init\" aria-label=\"Contactformulier\" novalidate=\"novalidate\" data-status=\"init\">\n<fieldset class=\"hidden-fields-container\"><input type=\"hidden\" name=\"_wpcf7\" value=\"27321\" \/><input type=\"hidden\" name=\"_wpcf7_version\" value=\"6.1.5\" \/><input type=\"hidden\" name=\"_wpcf7_locale\" value=\"pap_AN\" \/><input type=\"hidden\" name=\"_wpcf7_unit_tag\" value=\"wpcf7-f27321-o1\" \/><input type=\"hidden\" name=\"_wpcf7_container_post\" value=\"0\" \/><input type=\"hidden\" name=\"_wpcf7_posted_data_hash\" value=\"\" \/><input type=\"hidden\" name=\"_wpcf7dtx_version\" value=\"5.0.5\" \/>\n<\/fieldset>\n<div class=\"faq-form\" id=\"faq_form\" >\n\t<div class=\"form-group row\">\n\t\t<p><label for=\"name\" class=\"col col-xs-12 col-md-4 col-xl-3 control-label\">Achternaam<\/label>\n\t\t<\/p>\n\t\t<div class=\"col col-xs-12 col-md-8 col-xl-7\">\n\t\t\t<p><span class=\"wpcf7-form-control-wrap\" data-name=\"text-315\"><input size=\"40\" maxlength=\"400\" class=\"wpcf7-form-control wpcf7-text\" aria-invalid=\"false\" value=\"\" type=\"text\" name=\"text-315\" \/><\/span><br \/>\n<span class=\"wpcf7-form-control-wrap\" data-name=\"fam\"><input size=\"40\" maxlength=\"400\" class=\"wpcf7-form-control wpcf7-text form-control\" aria-invalid=\"false\" value=\"\" type=\"text\" name=\"fam\" \/><\/span>\n\t\t\t<\/p>\n\t\t<\/div>\n\t<\/div>\n\t<div class=\"form-group row\">\n\t\t<p><label for=\"email\" class=\"col col-xs-12 col-md-4 col-xl-3 control-label\">Voornamen<\/label>\n\t\t<\/p>\n\t\t<div class=\"col col-xs-12 col-md-8 col-xl-7\">\n\t\t\t<p><span class=\"wpcf7-form-control-wrap\" data-name=\"nombernan\"><input size=\"40\" maxlength=\"400\" class=\"wpcf7-form-control wpcf7-text form-control\" aria-invalid=\"false\" value=\"\" type=\"text\" name=\"nombernan\" \/><\/span>\n\t\t\t<\/p>\n\t\t<\/div>\n\t<\/div>\n\t<div class=\"form-group row\">\n\t\t<p><label for=\"subject\" class=\"col col-xs-12 col-md-4 col-xl-3 control-label\">Geboorteland<\/label>\n\t\t<\/p>\n\t\t<div class=\"col col-xs-12 col-md-8 col-xl-7\">\n\t\t\t<p><span class=\"wpcf7-form-control-wrap\" data-name=\"nasementu\"><input size=\"40\" maxlength=\"400\" class=\"wpcf7-form-control wpcf7-text form-control\" aria-invalid=\"false\" value=\"\" type=\"text\" name=\"nasementu\" \/><\/span>\n\t\t\t<\/p>\n\t\t<\/div>\n\t<\/div>\n\t<div class=\"form-group row\">\n\t\t<p><label for=\"question\" class=\"col col-xs-12 col-md-4 col-xl-3 control-label\">Telefoon 1<\/label>\n\t\t<\/p>\n\t\t<div class=\"col col-xs-12 col-md-8 col-xl-7\">\n\t\t\t<p><span class=\"wpcf7-form-control-wrap\" data-name=\"telefon1\"><input size=\"40\" maxlength=\"400\" class=\"wpcf7-form-control wpcf7-text form-control\" aria-invalid=\"false\" value=\"\" type=\"text\" name=\"telefon1\" \/><\/span>\n\t\t\t<\/p>\n\t\t<\/div>\n\t<\/div>\n\t<div class=\"form-group row\">\n\t\t<p><label for=\"question\" class=\"col col-xs-12 col-md-4 col-xl-3 control-label\">Telefoon 2 \/ whatsapp<\/label>\n\t\t<\/p>\n\t\t<div class=\"col col-xs-12 col-md-8 col-xl-7\">\n\t\t\t<p><span class=\"wpcf7-form-control-wrap\" data-name=\"telefon2\"><input size=\"40\" maxlength=\"400\" class=\"wpcf7-form-control wpcf7-text form-control\" aria-invalid=\"false\" value=\"\" type=\"text\" name=\"telefon2\" \/><\/span>\n\t\t\t<\/p>\n\t\t<\/div>\n\t<\/div>\n\t<div class=\"form-group row\">\n\t\t<p><label for=\"question\" class=\"col col-xs-12 col-md-4 col-xl-3 control-label\">E-mail<\/label>\n\t\t<\/p>\n\t\t<div class=\"col col-xs-12 col-md-8 col-xl-7\">\n\t\t\t<p><span class=\"wpcf7-form-control-wrap\" data-name=\"email\"><input size=\"40\" maxlength=\"400\" class=\"wpcf7-form-control wpcf7-email wpcf7-text wpcf7-validates-as-email form-control\" aria-invalid=\"false\" placeholder=\"ex: myname@example.com\" value=\"\" type=\"email\" name=\"email\" \/><\/span>\n\t\t\t<\/p>\n\t\t<\/div>\n\t<\/div>\n\t<div class=\"form-group row\">\n\t\t<p><label for=\"question\" class=\"col col-xs-12 col-md-4 col-xl-3 control-label\">Hoe kunnen wij het liefst contact met u opmenen<\/label>\n\t\t<\/p>\n\t\t<div class=\"col col-xs-12 col-md-8 col-xl-7\">\n\t\t\t<p><span class=\"wpcf7-form-control-wrap\" data-name=\"kontakto\"><span class=\"wpcf7-form-control wpcf7-checkbox\"><span class=\"wpcf7-list-item first\"><input type=\"checkbox\" name=\"kontakto[]\" value=\"Whatsapp\" \/><span class=\"wpcf7-list-item-label\">Whatsapp<\/span><\/span><span class=\"wpcf7-list-item\"><input type=\"checkbox\" name=\"kontakto[]\" value=\"Email\" \/><span class=\"wpcf7-list-item-label\">Email<\/span><\/span><span class=\"wpcf7-list-item last\"><input type=\"checkbox\" name=\"kontakto[]\" value=\"Telefoon\" \/><span class=\"wpcf7-list-item-label\">Telefoon<\/span><\/span><\/span><\/span>\n\t\t\t<\/p>\n\t\t<\/div>\n\t<\/div>\n\t<div class=\"form-group row\">\n\t\t<p><label for=\"question\" class=\"col col-xs-12 col-md-4 col-xl-3 control-label\">Passpoortnummer<\/label>\n\t\t<\/p>\n\t\t<div class=\"col col-xs-12 col-md-8 col-xl-7\">\n\t\t\t<p><span class=\"wpcf7-form-control-wrap\" data-name=\"passport\"><input size=\"40\" maxlength=\"400\" class=\"wpcf7-form-control wpcf7-text form-control\" aria-invalid=\"false\" value=\"\" type=\"text\" name=\"passport\" \/><\/span>\n\t\t\t<\/p>\n\t\t<\/div>\n\t<\/div>\n\t<div class=\"form-group row\">\n\t\t<p><label for=\"question\" class=\"col col-xs-12 col-md-4 col-xl-3 control-label\">Identiteitsnummer<\/label>\n\t\t<\/p>\n\t\t<div class=\"col col-xs-12 col-md-8 col-xl-7\">\n\t\t\t<p><span class=\"wpcf7-form-control-wrap\" data-name=\"sedula\"><input size=\"40\" maxlength=\"400\" class=\"wpcf7-form-control wpcf7-text form-control\" aria-invalid=\"false\" value=\"\" type=\"text\" name=\"sedula\" \/><\/span>\n\t\t\t<\/p>\n\t\t<\/div>\n\t<\/div>\n\t<div class=\"form-group row\">\n\t\t<p><label for=\"question\" class=\"col col-xs-12 col-md-4 col-xl-3 control-label\">Gezinssamenstelling<\/label>\n\t\t<\/p>\n\t\t<div class=\"col col-xs-12 col-md-8 col-xl-7\">\n\t\t\t<p><span class=\"wpcf7-form-control-wrap\" data-name=\"konsisti\"><input class=\"wpcf7-form-control wpcf7-number wpcf7-validates-as-number form-control\" aria-invalid=\"false\" placeholder=\"ex: 23\" value=\"\" type=\"number\" name=\"konsisti\" \/><\/span>\n\t\t\t<\/p>\n\t\t<\/div>\n\t<\/div>\n\t<div class=\"form-group row\">\n\t\t<p><label for=\"question\" class=\"col col-xs-12 col-md-4 col-xl-3 control-label\">Heeft u een ziektekostenverzekering<\/label>\n\t\t<\/p>\n\t\t<div class=\"col col-xs-12 col-md-8 col-xl-7\">\n\t\t\t<p><span class=\"wpcf7-form-control-wrap\" data-name=\"mediko\"><span class=\"wpcf7-form-control wpcf7-radio\"><span class=\"wpcf7-list-item first\"><input type=\"radio\" name=\"mediko\" value=\"Ja\" checked=\"checked\" \/><span class=\"wpcf7-list-item-label\">Ja<\/span><\/span><span class=\"wpcf7-list-item last\"><input type=\"radio\" name=\"mediko\" value=\"Nee\" \/><span class=\"wpcf7-list-item-label\">Nee<\/span><\/span><\/span><\/span>\n\t\t\t<\/p>\n\t\t<\/div>\n\t<\/div>\n\t<div class=\"form-group row\">\n\t\t<p><label for=\"question\" class=\"col col-xs-12 col-md-4 col-xl-3 control-label\">Status\t<\/label>\n\t\t<\/p>\n\t\t<div class=\"col col-xs-12 col-md-8 col-xl-7\">\n\t\t\t<p><span class=\"wpcf7-form-control-wrap\" data-name=\"status\"><span class=\"wpcf7-form-control wpcf7-radio\"><span class=\"wpcf7-list-item first last\"><input type=\"radio\" name=\"status\" value=\"Toerist\" checked=\"checked\" \/><span class=\"wpcf7-list-item-label\">Toerist<\/span><\/span><\/span><\/span><br \/>\n<span class=\"wpcf7-form-control-wrap\" data-name=\"status\"><span class=\"wpcf7-form-control wpcf7-radio\"><span class=\"wpcf7-list-item first last\"><input type=\"radio\" name=\"status\" value=\"Woonachtig in Venezuela\" \/><span class=\"wpcf7-list-item-label\">Woonachtig in Venezuela<\/span><\/span><\/span><\/span><br \/>\n<span class=\"wpcf7-form-control-wrap\" data-name=\"status\"><span class=\"wpcf7-form-control wpcf7-radio\"><span class=\"wpcf7-list-item first last\"><input type=\"radio\" name=\"status\" value=\"In Venezuela voor werk\" \/><span class=\"wpcf7-list-item-label\">In Venezuela voor werk<\/span><\/span><\/span><\/span><br \/>\n<span class=\"wpcf7-form-control-wrap\" data-name=\"status\"><span class=\"wpcf7-form-control wpcf7-radio\"><span class=\"wpcf7-list-item first last\"><input type=\"radio\" name=\"status\" value=\"Voor studie\" \/><span class=\"wpcf7-list-item-label\">Voor studie<\/span><\/span><\/span><\/span>\n\t\t\t<\/p>\n\t\t<\/div>\n\t<\/div>\n\t<div class=\"form-group row\">\n\t\t<p><label for=\"question\" class=\"col col-xs-12 col-md-4 col-xl-3 control-label\">Situatie beschrijven<\/label>\n\t\t<\/p>\n\t\t<div class=\"col col-xs-12 col-md-8 col-xl-7\">\n\t\t\t<p><span class=\"wpcf7-form-control-wrap\" data-name=\"situashon\"><textarea cols=\"40\" rows=\"10\" maxlength=\"2000\" class=\"wpcf7-form-control wpcf7-textarea form-control\" aria-invalid=\"false\" name=\"situashon\"><\/textarea><\/span>\n\t\t\t<\/p>\n\t\t<\/div>\n\t<\/div>\n\t<div class=\"form-group row\">\n\t\t<p><label for=\"question\" class=\"col col-xs-12 col-md-4 col-xl-3 control-label\"><\/label>\n\t\t<\/p>\n\t\t<div class=\"col col-xs-12 col-md-8 col-xl-7\">\n\t\t\t<p><div id=\"cf7sr-69e8862eea02f\" class=\"cf7sr-g-recaptcha\" data-theme=\"light\" data-type=\"image\" data-size=\"normal\" data-sitekey=\"6Lfg6K0UAAAAAH7TwNlwUGQhi3bC53xd0erMqJ2S\"><\/div><span class=\"wpcf7-form-control-wrap cf7sr-recaptcha\" data-name=\"cf7sr-recaptcha\"><input type=\"hidden\" name=\"cf7sr-recaptcha\" value=\"\" class=\"wpcf7-form-control\"><\/span>\n\t\t\t<\/p>\n\t\t<\/div>\n\t<\/div>\n\t<div class=\"form-group row\">\n\t\t<div class=\"col col-xs-12  col-md-9\">\n\t\t\t<p><input class=\"wpcf7-form-control wpcf7-submit has-spinner btn btn-secondary\" type=\"submit\" value=\"Versturen\" \/>\n\t\t\t<\/p>\n\t\t<\/div>\n\t<\/div>\n<\/div><p style=\"display: none !important;\" class=\"akismet-fields-container\" data-prefix=\"_wpcf7_ak_\"><label>&#916;<textarea name=\"_wpcf7_ak_hp_textarea\" cols=\"45\" rows=\"8\" maxlength=\"100\"><\/textarea><\/label><input type=\"hidden\" id=\"ak_js_1\" name=\"_wpcf7_ak_js\" value=\"75\"\/><script>document.getElementById( \"ak_js_1\" ).setAttribute( \"value\", ( new Date() ).getTime() );<\/script><\/p><input type='hidden' class='wpcf7-pum' value='{\"closepopup\":false,\"closedelay\":0,\"openpopup\":false,\"openpopup_id\":0}' \/><div class=\"wpcf7-response-output\" aria-hidden=\"true\"><\/div>\n<\/form>\n<\/div>\n[\/vc_column][\/vc_row]<\/p>\n<\/div>","protected":false},"excerpt":{"rendered":"<p>[vc_row][vc_column][vc_custom_heading text=&#8221;Registratie formulier Venezuela&#8221; font_container=&#8221;tag:h1|text_align:left&#8221; use_theme_fonts=&#8221;yes&#8221; el_class=&#8221;page_title&#8221;][\/vc_column][\/vc_row][vc_row el_class=&#8221;Formulario_contact_form&#8221;][vc_column][\/vc_column][\/vc_row]<\/p>\n","protected":false},"author":1,"featured_media":0,"parent":0,"menu_order":68,"comment_status":"closed","ping_status":"closed","template":"","meta":{"_acf_changed":false,"_crdt_document":"","footnotes":""},"ministry":[],"class_list":["post-27330","page","type-page","status-publish","hentry"],"acf":[],"yoast_head":"<!-- This site is optimized with the Yoast SEO plugin v27.4 - https:\/\/yoast.com\/product\/yoast-seo-wordpress\/ -->\n<title>Registratie formulier Venezuela - Informashon tokante Gobi\u00e8rnu di K\u00f2rsou<\/title>\n<meta name=\"robots\" content=\"index, follow, max-snippet:-1, max-image-preview:large, max-video-preview:-1\" \/>\n<link rel=\"canonical\" href=\"https:\/\/gobiernu.cw\/nl\/registratie-formulier-venezuela\/\" \/>\n<meta name=\"twitter:card\" content=\"summary_large_image\" \/>\n<meta name=\"twitter:title\" content=\"Registratie formulier Venezuela - Informashon tokante Gobi\u00e8rnu di K\u00f2rsou\" \/>\n<meta name=\"twitter:description\" content=\"[vc_row][vc_column][vc_custom_heading text=&#8221;Registratie formulier Venezuela&#8221; font_container=&#8221;tag:h1|text_align:left&#8221; use_theme_fonts=&#8221;yes&#8221; el_class=&#8221;page_title&#8221;][\/vc_column][\/vc_row][vc_row el_class=&#8221;Formulario_contact_form&#8221;][vc_column][\/vc_column][\/vc_row]\" \/>\n<script type=\"application\/ld+json\" class=\"yoast-schema-graph\">{\"@context\":\"https:\\\/\\\/schema.org\",\"@graph\":[{\"@type\":\"WebPage\",\"@id\":\"https:\\\/\\\/gobiernu.cw\\\/nl\\\/registratie-formulier-venezuela\\\/\",\"url\":\"https:\\\/\\\/gobiernu.cw\\\/nl\\\/registratie-formulier-venezuela\\\/\",\"name\":\"Registratie formulier Venezuela - Informashon tokante Gobi\u00e8rnu di K\u00f2rsou\",\"isPartOf\":{\"@id\":\"https:\\\/\\\/gobiernu.cw\\\/#website\"},\"datePublished\":\"2019-07-25T06:48:19+00:00\",\"dateModified\":\"2019-07-25T11:20:28+00:00\",\"breadcrumb\":{\"@id\":\"https:\\\/\\\/gobiernu.cw\\\/nl\\\/registratie-formulier-venezuela\\\/#breadcrumb\"},\"inLanguage\":\"nl-NL\",\"potentialAction\":[{\"@type\":\"ReadAction\",\"target\":[\"https:\\\/\\\/gobiernu.cw\\\/nl\\\/registratie-formulier-venezuela\\\/\"]}]},{\"@type\":\"BreadcrumbList\",\"@id\":\"https:\\\/\\\/gobiernu.cw\\\/nl\\\/registratie-formulier-venezuela\\\/#breadcrumb\",\"itemListElement\":[{\"@type\":\"ListItem\",\"position\":1,\"name\":\"Home\",\"item\":\"https:\\\/\\\/gobiernu.cw\\\/nl\\\/\"},{\"@type\":\"ListItem\",\"position\":2,\"name\":\"Registratie formulier Venezuela\"}]},{\"@type\":\"WebSite\",\"@id\":\"https:\\\/\\\/gobiernu.cw\\\/#website\",\"url\":\"https:\\\/\\\/gobiernu.cw\\\/\",\"name\":\"Informashon tokante Gobi\u00e8rnu di K\u00f2rsou\",\"description\":\"Gobi\u00e8rnu di K\u00f2rsou\",\"publisher\":{\"@id\":\"https:\\\/\\\/gobiernu.cw\\\/#organization\"},\"potentialAction\":[{\"@type\":\"SearchAction\",\"target\":{\"@type\":\"EntryPoint\",\"urlTemplate\":\"https:\\\/\\\/gobiernu.cw\\\/?s={search_term_string}\"},\"query-input\":{\"@type\":\"PropertyValueSpecification\",\"valueRequired\":true,\"valueName\":\"search_term_string\"}}],\"inLanguage\":\"nl-NL\"},{\"@type\":\"Organization\",\"@id\":\"https:\\\/\\\/gobiernu.cw\\\/#organization\",\"name\":\"Gobi\u00e8rnu di K\u00f2rsou\",\"url\":\"https:\\\/\\\/gobiernu.cw\\\/\",\"logo\":{\"@type\":\"ImageObject\",\"inLanguage\":\"nl-NL\",\"@id\":\"https:\\\/\\\/gobiernu.cw\\\/#\\\/schema\\\/logo\\\/image\\\/\",\"url\":\"https:\\\/\\\/gobiernu.cw\\\/wp-content\\\/uploads\\\/2019\\\/01\\\/Logo_regering_3.png\",\"contentUrl\":\"https:\\\/\\\/gobiernu.cw\\\/wp-content\\\/uploads\\\/2019\\\/01\\\/Logo_regering_3.png\",\"width\":129,\"height\":115,\"caption\":\"Gobi\u00e8rnu di K\u00f2rsou\"},\"image\":{\"@id\":\"https:\\\/\\\/gobiernu.cw\\\/#\\\/schema\\\/logo\\\/image\\\/\"}}]}<\/script>\n<!-- \/ Yoast SEO plugin. -->","yoast_head_json":{"title":"Registratie formulier Venezuela - Informashon tokante Gobi\u00e8rnu di K\u00f2rsou","robots":{"index":"index","follow":"follow","max-snippet":"max-snippet:-1","max-image-preview":"max-image-preview:large","max-video-preview":"max-video-preview:-1"},"canonical":"https:\/\/gobiernu.cw\/nl\/registratie-formulier-venezuela\/","twitter_card":"summary_large_image","twitter_title":"Registratie formulier Venezuela - Informashon tokante Gobi\u00e8rnu di K\u00f2rsou","twitter_description":"[vc_row][vc_column][vc_custom_heading text=&#8221;Registratie formulier Venezuela&#8221; font_container=&#8221;tag:h1|text_align:left&#8221; use_theme_fonts=&#8221;yes&#8221; el_class=&#8221;page_title&#8221;][\/vc_column][\/vc_row][vc_row el_class=&#8221;Formulario_contact_form&#8221;][vc_column][\/vc_column][\/vc_row]","schema":{"@context":"https:\/\/schema.org","@graph":[{"@type":"WebPage","@id":"https:\/\/gobiernu.cw\/nl\/registratie-formulier-venezuela\/","url":"https:\/\/gobiernu.cw\/nl\/registratie-formulier-venezuela\/","name":"Registratie formulier Venezuela - Informashon tokante Gobi\u00e8rnu di K\u00f2rsou","isPartOf":{"@id":"https:\/\/gobiernu.cw\/#website"},"datePublished":"2019-07-25T06:48:19+00:00","dateModified":"2019-07-25T11:20:28+00:00","breadcrumb":{"@id":"https:\/\/gobiernu.cw\/nl\/registratie-formulier-venezuela\/#breadcrumb"},"inLanguage":"nl-NL","potentialAction":[{"@type":"ReadAction","target":["https:\/\/gobiernu.cw\/nl\/registratie-formulier-venezuela\/"]}]},{"@type":"BreadcrumbList","@id":"https:\/\/gobiernu.cw\/nl\/registratie-formulier-venezuela\/#breadcrumb","itemListElement":[{"@type":"ListItem","position":1,"name":"Home","item":"https:\/\/gobiernu.cw\/nl\/"},{"@type":"ListItem","position":2,"name":"Registratie formulier Venezuela"}]},{"@type":"WebSite","@id":"https:\/\/gobiernu.cw\/#website","url":"https:\/\/gobiernu.cw\/","name":"Informashon tokante Gobi\u00e8rnu di K\u00f2rsou","description":"Gobi\u00e8rnu di K\u00f2rsou","publisher":{"@id":"https:\/\/gobiernu.cw\/#organization"},"potentialAction":[{"@type":"SearchAction","target":{"@type":"EntryPoint","urlTemplate":"https:\/\/gobiernu.cw\/?s={search_term_string}"},"query-input":{"@type":"PropertyValueSpecification","valueRequired":true,"valueName":"search_term_string"}}],"inLanguage":"nl-NL"},{"@type":"Organization","@id":"https:\/\/gobiernu.cw\/#organization","name":"Gobi\u00e8rnu di K\u00f2rsou","url":"https:\/\/gobiernu.cw\/","logo":{"@type":"ImageObject","inLanguage":"nl-NL","@id":"https:\/\/gobiernu.cw\/#\/schema\/logo\/image\/","url":"https:\/\/gobiernu.cw\/wp-content\/uploads\/2019\/01\/Logo_regering_3.png","contentUrl":"https:\/\/gobiernu.cw\/wp-content\/uploads\/2019\/01\/Logo_regering_3.png","width":129,"height":115,"caption":"Gobi\u00e8rnu di K\u00f2rsou"},"image":{"@id":"https:\/\/gobiernu.cw\/#\/schema\/logo\/image\/"}}]}},"jetpack_sharing_enabled":true,"_links":{"self":[{"href":"https:\/\/gobiernu.cw\/nl\/wp-json\/wp\/v2\/pages\/27330","targetHints":{"allow":["GET"]}}],"collection":[{"href":"https:\/\/gobiernu.cw\/nl\/wp-json\/wp\/v2\/pages"}],"about":[{"href":"https:\/\/gobiernu.cw\/nl\/wp-json\/wp\/v2\/types\/page"}],"author":[{"embeddable":true,"href":"https:\/\/gobiernu.cw\/nl\/wp-json\/wp\/v2\/users\/1"}],"replies":[{"embeddable":true,"href":"https:\/\/gobiernu.cw\/nl\/wp-json\/wp\/v2\/comments?post=27330"}],"version-history":[{"count":1,"href":"https:\/\/gobiernu.cw\/nl\/wp-json\/wp\/v2\/pages\/27330\/revisions"}],"predecessor-version":[{"id":27332,"href":"https:\/\/gobiernu.cw\/nl\/wp-json\/wp\/v2\/pages\/27330\/revisions\/27332"}],"wp:attachment":[{"href":"https:\/\/gobiernu.cw\/nl\/wp-json\/wp\/v2\/media?parent=27330"}],"wp:term":[{"taxonomy":"ministry","embeddable":true,"href":"https:\/\/gobiernu.cw\/nl\/wp-json\/wp\/v2\/ministry?post=27330"}],"curies":[{"name":"wp","href":"https:\/\/api.w.org\/{rel}","templated":true}]}}