{"id":523582,"date":"2022-07-26T21:46:58","date_gmt":"2022-07-27T01:46:58","guid":{"rendered":"https:\/\/gobiernu.cw\/projecten\/koninklijke-onderschijding\/preguntanan-mas-frekuente\/"},"modified":"2024-08-16T14:25:50","modified_gmt":"2024-08-16T18:25:50","slug":"veelgestelde-vragen","status":"publish","type":"page","link":"https:\/\/gobiernu.cw\/nl\/projecten\/koninklijke-onderscheiding\/veelgestelde-vragen\/","title":{"rendered":"FAQ"},"content":{"rendered":"","protected":false},"excerpt":{"rendered":"","protected":false},"author":1,"featured_media":504981,"parent":523579,"menu_order":0,"comment_status":"closed","ping_status":"closed","template":"faq-page-template.php","meta":{"_acf_changed":false,"_crdt_document":"","footnotes":""},"ministry":[],"class_list":["post-523582","page","type-page","status-publish","has-post-thumbnail","hentry"],"acf":[],"yoast_head":"<!-- This site is optimized with the Yoast SEO plugin v27.4 - https:\/\/yoast.com\/product\/yoast-seo-wordpress\/ -->\n<title>FAQ - Informashon tokante Gobi\u00e8rnu di K\u00f2rsou<\/title>\n<meta name=\"robots\" content=\"index, follow, max-snippet:-1, max-image-preview:large, max-video-preview:-1\" \/>\n<link rel=\"canonical\" href=\"https:\/\/gobiernu.cw\/nl\/projecten\/koninklijke-onderscheiding\/veelgestelde-vragen\/\" \/>\n<meta name=\"twitter:card\" content=\"summary_large_image\" \/>\n<meta name=\"twitter:title\" content=\"FAQ - Informashon tokante Gobi\u00e8rnu di K\u00f2rsou\" \/>\n<meta name=\"twitter:image\" content=\"https:\/\/gobiernu.cw\/wp-content\/uploads\/2022\/04\/Website-Banner-Ministerio-MEO-April-2022.jpg\" \/>\n<script type=\"application\/ld+json\" class=\"yoast-schema-graph\">{\"@context\":\"https:\\\/\\\/schema.org\",\"@graph\":[{\"@type\":\"WebPage\",\"@id\":\"https:\\\/\\\/gobiernu.cw\\\/nl\\\/projecten\\\/koninklijke-onderscheiding\\\/veelgestelde-vragen\\\/\",\"url\":\"https:\\\/\\\/gobiernu.cw\\\/nl\\\/projecten\\\/koninklijke-onderscheiding\\\/veelgestelde-vragen\\\/\",\"name\":\"FAQ - Informashon tokante Gobi\u00e8rnu di K\u00f2rsou\",\"isPartOf\":{\"@id\":\"https:\\\/\\\/gobiernu.cw\\\/#website\"},\"primaryImageOfPage\":{\"@id\":\"https:\\\/\\\/gobiernu.cw\\\/nl\\\/projecten\\\/koninklijke-onderscheiding\\\/veelgestelde-vragen\\\/#primaryimage\"},\"image\":{\"@id\":\"https:\\\/\\\/gobiernu.cw\\\/nl\\\/projecten\\\/koninklijke-onderscheiding\\\/veelgestelde-vragen\\\/#primaryimage\"},\"thumbnailUrl\":\"https:\\\/\\\/gobiernu.cw\\\/wp-content\\\/uploads\\\/2022\\\/04\\\/Website-Banner-Ministerio-MEO-April-2022.jpg\",\"datePublished\":\"2022-07-27T01:46:58+00:00\",\"dateModified\":\"2024-08-16T18:25:50+00:00\",\"breadcrumb\":{\"@id\":\"https:\\\/\\\/gobiernu.cw\\\/nl\\\/projecten\\\/koninklijke-onderscheiding\\\/veelgestelde-vragen\\\/#breadcrumb\"},\"inLanguage\":\"nl-NL\",\"potentialAction\":[{\"@type\":\"ReadAction\",\"target\":[\"https:\\\/\\\/gobiernu.cw\\\/nl\\\/projecten\\\/koninklijke-onderscheiding\\\/veelgestelde-vragen\\\/\"]}]},{\"@type\":\"ImageObject\",\"inLanguage\":\"nl-NL\",\"@id\":\"https:\\\/\\\/gobiernu.cw\\\/nl\\\/projecten\\\/koninklijke-onderscheiding\\\/veelgestelde-vragen\\\/#primaryimage\",\"url\":\"https:\\\/\\\/gobiernu.cw\\\/wp-content\\\/uploads\\\/2022\\\/04\\\/Website-Banner-Ministerio-MEO-April-2022.jpg\",\"contentUrl\":\"https:\\\/\\\/gobiernu.cw\\\/wp-content\\\/uploads\\\/2022\\\/04\\\/Website-Banner-Ministerio-MEO-April-2022.jpg\",\"width\":1143,\"height\":268},{\"@type\":\"BreadcrumbList\",\"@id\":\"https:\\\/\\\/gobiernu.cw\\\/nl\\\/projecten\\\/koninklijke-onderscheiding\\\/veelgestelde-vragen\\\/#breadcrumb\",\"itemListElement\":[{\"@type\":\"ListItem\",\"position\":1,\"name\":\"Home\",\"item\":\"https:\\\/\\\/gobiernu.cw\\\/nl\\\/\"},{\"@type\":\"ListItem\",\"position\":2,\"name\":\"Projecten\",\"item\":\"https:\\\/\\\/gobiernu.cw\\\/nl\\\/projecten\\\/\"},{\"@type\":\"ListItem\",\"position\":3,\"name\":\"Koninklijke Onderscheiding\",\"item\":\"https:\\\/\\\/gobiernu.cw\\\/nl\\\/projecten\\\/koninklijke-onderscheiding\\\/\"},{\"@type\":\"ListItem\",\"position\":4,\"name\":\"FAQ\"}]},{\"@type\":\"WebSite\",\"@id\":\"https:\\\/\\\/gobiernu.cw\\\/#website\",\"url\":\"https:\\\/\\\/gobiernu.cw\\\/\",\"name\":\"Informashon tokante Gobi\u00e8rnu di K\u00f2rsou\",\"description\":\"Gobi\u00e8rnu di K\u00f2rsou\",\"publisher\":{\"@id\":\"https:\\\/\\\/gobiernu.cw\\\/#organization\"},\"potentialAction\":[{\"@type\":\"SearchAction\",\"target\":{\"@type\":\"EntryPoint\",\"urlTemplate\":\"https:\\\/\\\/gobiernu.cw\\\/?s={search_term_string}\"},\"query-input\":{\"@type\":\"PropertyValueSpecification\",\"valueRequired\":true,\"valueName\":\"search_term_string\"}}],\"inLanguage\":\"nl-NL\"},{\"@type\":\"Organization\",\"@id\":\"https:\\\/\\\/gobiernu.cw\\\/#organization\",\"name\":\"Gobi\u00e8rnu di K\u00f2rsou\",\"url\":\"https:\\\/\\\/gobiernu.cw\\\/\",\"logo\":{\"@type\":\"ImageObject\",\"inLanguage\":\"nl-NL\",\"@id\":\"https:\\\/\\\/gobiernu.cw\\\/#\\\/schema\\\/logo\\\/image\\\/\",\"url\":\"https:\\\/\\\/gobiernu.cw\\\/wp-content\\\/uploads\\\/2019\\\/01\\\/Logo_regering_3.png\",\"contentUrl\":\"https:\\\/\\\/gobiernu.cw\\\/wp-content\\\/uploads\\\/2019\\\/01\\\/Logo_regering_3.png\",\"width\":129,\"height\":115,\"caption\":\"Gobi\u00e8rnu di K\u00f2rsou\"},\"image\":{\"@id\":\"https:\\\/\\\/gobiernu.cw\\\/#\\\/schema\\\/logo\\\/image\\\/\"}}]}<\/script>\n<!-- \/ Yoast SEO plugin. -->","yoast_head_json":{"title":"FAQ - Informashon tokante Gobi\u00e8rnu di K\u00f2rsou","robots":{"index":"index","follow":"follow","max-snippet":"max-snippet:-1","max-image-preview":"max-image-preview:large","max-video-preview":"max-video-preview:-1"},"canonical":"https:\/\/gobiernu.cw\/nl\/projecten\/koninklijke-onderscheiding\/veelgestelde-vragen\/","twitter_card":"summary_large_image","twitter_title":"FAQ - Informashon tokante Gobi\u00e8rnu di K\u00f2rsou","twitter_image":"https:\/\/gobiernu.cw\/wp-content\/uploads\/2022\/04\/Website-Banner-Ministerio-MEO-April-2022.jpg","schema":{"@context":"https:\/\/schema.org","@graph":[{"@type":"WebPage","@id":"https:\/\/gobiernu.cw\/nl\/projecten\/koninklijke-onderscheiding\/veelgestelde-vragen\/","url":"https:\/\/gobiernu.cw\/nl\/projecten\/koninklijke-onderscheiding\/veelgestelde-vragen\/","name":"FAQ - Informashon tokante Gobi\u00e8rnu di K\u00f2rsou","isPartOf":{"@id":"https:\/\/gobiernu.cw\/#website"},"primaryImageOfPage":{"@id":"https:\/\/gobiernu.cw\/nl\/projecten\/koninklijke-onderscheiding\/veelgestelde-vragen\/#primaryimage"},"image":{"@id":"https:\/\/gobiernu.cw\/nl\/projecten\/koninklijke-onderscheiding\/veelgestelde-vragen\/#primaryimage"},"thumbnailUrl":"https:\/\/gobiernu.cw\/wp-content\/uploads\/2022\/04\/Website-Banner-Ministerio-MEO-April-2022.jpg","datePublished":"2022-07-27T01:46:58+00:00","dateModified":"2024-08-16T18:25:50+00:00","breadcrumb":{"@id":"https:\/\/gobiernu.cw\/nl\/projecten\/koninklijke-onderscheiding\/veelgestelde-vragen\/#breadcrumb"},"inLanguage":"nl-NL","potentialAction":[{"@type":"ReadAction","target":["https:\/\/gobiernu.cw\/nl\/projecten\/koninklijke-onderscheiding\/veelgestelde-vragen\/"]}]},{"@type":"ImageObject","inLanguage":"nl-NL","@id":"https:\/\/gobiernu.cw\/nl\/projecten\/koninklijke-onderscheiding\/veelgestelde-vragen\/#primaryimage","url":"https:\/\/gobiernu.cw\/wp-content\/uploads\/2022\/04\/Website-Banner-Ministerio-MEO-April-2022.jpg","contentUrl":"https:\/\/gobiernu.cw\/wp-content\/uploads\/2022\/04\/Website-Banner-Ministerio-MEO-April-2022.jpg","width":1143,"height":268},{"@type":"BreadcrumbList","@id":"https:\/\/gobiernu.cw\/nl\/projecten\/koninklijke-onderscheiding\/veelgestelde-vragen\/#breadcrumb","itemListElement":[{"@type":"ListItem","position":1,"name":"Home","item":"https:\/\/gobiernu.cw\/nl\/"},{"@type":"ListItem","position":2,"name":"Projecten","item":"https:\/\/gobiernu.cw\/nl\/projecten\/"},{"@type":"ListItem","position":3,"name":"Koninklijke Onderscheiding","item":"https:\/\/gobiernu.cw\/nl\/projecten\/koninklijke-onderscheiding\/"},{"@type":"ListItem","position":4,"name":"FAQ"}]},{"@type":"WebSite","@id":"https:\/\/gobiernu.cw\/#website","url":"https:\/\/gobiernu.cw\/","name":"Informashon tokante Gobi\u00e8rnu di K\u00f2rsou","description":"Gobi\u00e8rnu di K\u00f2rsou","publisher":{"@id":"https:\/\/gobiernu.cw\/#organization"},"potentialAction":[{"@type":"SearchAction","target":{"@type":"EntryPoint","urlTemplate":"https:\/\/gobiernu.cw\/?s={search_term_string}"},"query-input":{"@type":"PropertyValueSpecification","valueRequired":true,"valueName":"search_term_string"}}],"inLanguage":"nl-NL"},{"@type":"Organization","@id":"https:\/\/gobiernu.cw\/#organization","name":"Gobi\u00e8rnu di K\u00f2rsou","url":"https:\/\/gobiernu.cw\/","logo":{"@type":"ImageObject","inLanguage":"nl-NL","@id":"https:\/\/gobiernu.cw\/#\/schema\/logo\/image\/","url":"https:\/\/gobiernu.cw\/wp-content\/uploads\/2019\/01\/Logo_regering_3.png","contentUrl":"https:\/\/gobiernu.cw\/wp-content\/uploads\/2019\/01\/Logo_regering_3.png","width":129,"height":115,"caption":"Gobi\u00e8rnu di K\u00f2rsou"},"image":{"@id":"https:\/\/gobiernu.cw\/#\/schema\/logo\/image\/"}}]}},"jetpack_sharing_enabled":true,"_links":{"self":[{"href":"https:\/\/gobiernu.cw\/nl\/wp-json\/wp\/v2\/pages\/523582","targetHints":{"allow":["GET"]}}],"collection":[{"href":"https:\/\/gobiernu.cw\/nl\/wp-json\/wp\/v2\/pages"}],"about":[{"href":"https:\/\/gobiernu.cw\/nl\/wp-json\/wp\/v2\/types\/page"}],"author":[{"embeddable":true,"href":"https:\/\/gobiernu.cw\/nl\/wp-json\/wp\/v2\/users\/1"}],"replies":[{"embeddable":true,"href":"https:\/\/gobiernu.cw\/nl\/wp-json\/wp\/v2\/comments?post=523582"}],"version-history":[{"count":6,"href":"https:\/\/gobiernu.cw\/nl\/wp-json\/wp\/v2\/pages\/523582\/revisions"}],"predecessor-version":[{"id":542568,"href":"https:\/\/gobiernu.cw\/nl\/wp-json\/wp\/v2\/pages\/523582\/revisions\/542568"}],"up":[{"embeddable":true,"href":"https:\/\/gobiernu.cw\/nl\/wp-json\/wp\/v2\/pages\/523579"}],"wp:featuredmedia":[{"embeddable":true,"href":"https:\/\/gobiernu.cw\/nl\/wp-json\/wp\/v2\/media\/504981"}],"wp:attachment":[{"href":"https:\/\/gobiernu.cw\/nl\/wp-json\/wp\/v2\/media?parent=523582"}],"wp:term":[{"taxonomy":"ministry","embeddable":true,"href":"https:\/\/gobiernu.cw\/nl\/wp-json\/wp\/v2\/ministry?post=523582"}],"curies":[{"name":"wp","href":"https:\/\/api.w.org\/{rel}","templated":true}]}}