{"id":535493,"date":"2023-09-05T04:52:30","date_gmt":"2023-09-05T08:52:30","guid":{"rendered":"https:\/\/gobiernu.cw\/vfo-nl\/e-programa-vfo\/"},"modified":"2024-01-11T10:40:29","modified_gmt":"2024-01-11T14:40:29","slug":"het-programma-vfo","status":"publish","type":"page","link":"https:\/\/gobiernu.cw\/nl\/het-programma-vfo\/","title":{"rendered":"Het Programma VFO"},"content":{"rendered":"<div class=\"wpb-content-wrapper\"><p>[vc_row][vc_column][vc_column_text]<strong>Het Programma VFO<\/strong><\/p>\n<p style=\"margin: 0in; margin-bottom: .0001pt;\"><span style=\"font-size: 11.0pt; font-family: 'Arial',sans-serif; color: black;\">In <strong><a href=\"https:\/\/gobiernu.cw\/wp-content\/uploads\/2023\/12\/Implementatieplan-VFO-30.11.2023.pdf\">het implementatieplan VFO\u00a0 2023 \u2013 2025<\/a><\/strong><\/span> staan de activiteiten die de komende jaren uitgevoerd gaan worden om de verbetervoorstellen uit het rapport<strong> <a href=\"https:\/\/gobiernu.cw\/wp-content\/uploads\/2023\/11\/Rapport-Niets-doen-is-geen-optie-meer-eindversie-3.0-d.d.-31.10.2023-1.pdf\">\u2018Niets doen is geen optie meer\u2019!<\/a><\/strong> te implementeren.<\/p>\n<p>&nbsp;<\/p>\n<p style=\"text-align: center;\"><strong>Hieronder een weergave van de programmaorganisatie VFO.<\/strong><\/p>\n<p><img loading=\"lazy\" class=\"alignnone size-full wp-image-535631\" src=\"https:\/\/gobiernu.cw\/wp-content\/uploads\/2023\/11\/Afbeeling-Organogram-Programmaorganisatie-VFO.png\" alt=\"\" width=\"1826\" height=\"814\" srcset=\"https:\/\/gobiernu.cw\/wp-content\/uploads\/2023\/11\/Afbeeling-Organogram-Programmaorganisatie-VFO.png 1826w, https:\/\/gobiernu.cw\/wp-content\/uploads\/2023\/11\/Afbeeling-Organogram-Programmaorganisatie-VFO-300x134.png 300w, https:\/\/gobiernu.cw\/wp-content\/uploads\/2023\/11\/Afbeeling-Organogram-Programmaorganisatie-VFO-1024x456.png 1024w, https:\/\/gobiernu.cw\/wp-content\/uploads\/2023\/11\/Afbeeling-Organogram-Programmaorganisatie-VFO-768x342.png 768w, https:\/\/gobiernu.cw\/wp-content\/uploads\/2023\/11\/Afbeeling-Organogram-Programmaorganisatie-VFO-1536x685.png 1536w, https:\/\/gobiernu.cw\/wp-content\/uploads\/2023\/11\/Afbeeling-Organogram-Programmaorganisatie-VFO-260x116.png 260w, https:\/\/gobiernu.cw\/wp-content\/uploads\/2023\/11\/Afbeeling-Organogram-Programmaorganisatie-VFO-50x22.png 50w, https:\/\/gobiernu.cw\/wp-content\/uploads\/2023\/11\/Afbeeling-Organogram-Programmaorganisatie-VFO-150x67.png 150w, https:\/\/gobiernu.cw\/wp-content\/uploads\/2023\/11\/Afbeeling-Organogram-Programmaorganisatie-VFO-1320x588.png 1320w\" sizes=\"auto, (max-width:767px) 480px, (max-width:1826px) 100vw, 1826px\" \/><\/p>\n<p><span style=\"font-weight: 400;\">Mocht u nog vragen hebben en\/of opmerkingen, neem dan gerust contact op met Cindy Rojer via <\/span><a href=\"mailto:cindy.rojer@gobiernu.cw\"><span style=\"font-weight: 400;\">cindy.rojer@gobiernu.cw<\/span><\/a><span style=\"font-weight: 400;\">. <\/span>[\/vc_column_text][\/vc_column][\/vc_row][vc_row][vc_column][vc_btn title=&#8221;Programma Verbeteren Functioneren Overheid&#8221; color=&#8221;warning&#8221; link=&#8221;url:https%3A%2F%2Fgobiernu.cw%2Fnl%2Fvfo-nl%2F&#8221;][\/vc_column][\/vc_row]<\/p>\n<\/div>","protected":false},"excerpt":{"rendered":"<p>[vc_row][vc_column][vc_column_text]Het Programma VFO In het implementatieplan VFO\u00a0 2023 \u2013 2025 staan de activiteiten die de komende jaren uitgevoerd gaan worden om de verbetervoorstellen uit het rapport<span class=\"excerpt-hellip\"> [\u2026]<\/span><\/p>\n","protected":false},"author":1,"featured_media":0,"parent":0,"menu_order":0,"comment_status":"closed","ping_status":"closed","template":"","meta":{"_acf_changed":false,"_crdt_document":"","footnotes":""},"ministry":[],"class_list":["post-535493","page","type-page","status-publish","hentry"],"acf":[],"yoast_head":"<!-- This site is optimized with the Yoast SEO plugin v27.6 - https:\/\/yoast.com\/product\/yoast-seo-wordpress\/ -->\n<title>Het Programma VFO - Informashon tokante Gobi\u00e8rnu di K\u00f2rsou<\/title>\n<meta name=\"robots\" content=\"index, follow, max-snippet:-1, max-image-preview:large, max-video-preview:-1\" \/>\n<link rel=\"canonical\" href=\"https:\/\/gobiernu.cw\/nl\/het-programma-vfo\/\" \/>\n<meta name=\"twitter:card\" content=\"summary_large_image\" \/>\n<meta name=\"twitter:title\" content=\"Het Programma VFO - Informashon tokante Gobi\u00e8rnu di K\u00f2rsou\" \/>\n<meta name=\"twitter:description\" content=\"[vc_row][vc_column][vc_column_text]Het Programma VFO In het implementatieplan VFO\u00a0 2023 \u2013 2025 staan de activiteiten die de komende jaren uitgevoerd gaan worden om de verbetervoorstellen uit het rapport [\u2026]\" \/>\n<meta name=\"twitter:image\" content=\"https:\/\/gobiernu.cw\/wp-content\/uploads\/2023\/11\/Afbeeling-Organogram-Programmaorganisatie-VFO.png\" \/>\n<meta name=\"twitter:label1\" content=\"Geschatte leestijd\" \/>\n\t<meta name=\"twitter:data1\" content=\"1 minuut\" \/>\n<script type=\"application\/ld+json\" class=\"yoast-schema-graph\">{\"@context\":\"https:\\\/\\\/schema.org\",\"@graph\":[{\"@type\":\"WebPage\",\"@id\":\"https:\\\/\\\/gobiernu.cw\\\/nl\\\/het-programma-vfo\\\/\",\"url\":\"https:\\\/\\\/gobiernu.cw\\\/nl\\\/het-programma-vfo\\\/\",\"name\":\"Het Programma VFO - Informashon tokante Gobi\u00e8rnu di K\u00f2rsou\",\"isPartOf\":{\"@id\":\"https:\\\/\\\/gobiernu.cw\\\/#website\"},\"primaryImageOfPage\":{\"@id\":\"https:\\\/\\\/gobiernu.cw\\\/nl\\\/het-programma-vfo\\\/#primaryimage\"},\"image\":{\"@id\":\"https:\\\/\\\/gobiernu.cw\\\/nl\\\/het-programma-vfo\\\/#primaryimage\"},\"thumbnailUrl\":\"https:\\\/\\\/gobiernu.cw\\\/wp-content\\\/uploads\\\/2023\\\/11\\\/Afbeeling-Organogram-Programmaorganisatie-VFO.png\",\"datePublished\":\"2023-09-05T08:52:30+00:00\",\"dateModified\":\"2024-01-11T14:40:29+00:00\",\"breadcrumb\":{\"@id\":\"https:\\\/\\\/gobiernu.cw\\\/nl\\\/het-programma-vfo\\\/#breadcrumb\"},\"inLanguage\":\"nl-NL\",\"potentialAction\":[{\"@type\":\"ReadAction\",\"target\":[\"https:\\\/\\\/gobiernu.cw\\\/nl\\\/het-programma-vfo\\\/\"]}]},{\"@type\":\"ImageObject\",\"inLanguage\":\"nl-NL\",\"@id\":\"https:\\\/\\\/gobiernu.cw\\\/nl\\\/het-programma-vfo\\\/#primaryimage\",\"url\":\"https:\\\/\\\/gobiernu.cw\\\/wp-content\\\/uploads\\\/2023\\\/11\\\/Afbeeling-Organogram-Programmaorganisatie-VFO.png\",\"contentUrl\":\"https:\\\/\\\/gobiernu.cw\\\/wp-content\\\/uploads\\\/2023\\\/11\\\/Afbeeling-Organogram-Programmaorganisatie-VFO.png\"},{\"@type\":\"BreadcrumbList\",\"@id\":\"https:\\\/\\\/gobiernu.cw\\\/nl\\\/het-programma-vfo\\\/#breadcrumb\",\"itemListElement\":[{\"@type\":\"ListItem\",\"position\":1,\"name\":\"Home\",\"item\":\"https:\\\/\\\/gobiernu.cw\\\/nl\\\/\"},{\"@type\":\"ListItem\",\"position\":2,\"name\":\"Het Programma VFO\"}]},{\"@type\":\"WebSite\",\"@id\":\"https:\\\/\\\/gobiernu.cw\\\/#website\",\"url\":\"https:\\\/\\\/gobiernu.cw\\\/\",\"name\":\"Informashon tokante Gobi\u00e8rnu di K\u00f2rsou\",\"description\":\"Gobi\u00e8rnu di K\u00f2rsou\",\"publisher\":{\"@id\":\"https:\\\/\\\/gobiernu.cw\\\/#organization\"},\"potentialAction\":[{\"@type\":\"SearchAction\",\"target\":{\"@type\":\"EntryPoint\",\"urlTemplate\":\"https:\\\/\\\/gobiernu.cw\\\/?s={search_term_string}\"},\"query-input\":{\"@type\":\"PropertyValueSpecification\",\"valueRequired\":true,\"valueName\":\"search_term_string\"}}],\"inLanguage\":\"nl-NL\"},{\"@type\":\"Organization\",\"@id\":\"https:\\\/\\\/gobiernu.cw\\\/#organization\",\"name\":\"Gobi\u00e8rnu di K\u00f2rsou\",\"url\":\"https:\\\/\\\/gobiernu.cw\\\/\",\"logo\":{\"@type\":\"ImageObject\",\"inLanguage\":\"nl-NL\",\"@id\":\"https:\\\/\\\/gobiernu.cw\\\/#\\\/schema\\\/logo\\\/image\\\/\",\"url\":\"https:\\\/\\\/gobiernu.cw\\\/wp-content\\\/uploads\\\/2019\\\/01\\\/Logo_regering_3.png\",\"contentUrl\":\"https:\\\/\\\/gobiernu.cw\\\/wp-content\\\/uploads\\\/2019\\\/01\\\/Logo_regering_3.png\",\"width\":129,\"height\":115,\"caption\":\"Gobi\u00e8rnu di K\u00f2rsou\"},\"image\":{\"@id\":\"https:\\\/\\\/gobiernu.cw\\\/#\\\/schema\\\/logo\\\/image\\\/\"}}]}<\/script>\n<!-- \/ Yoast SEO plugin. -->","yoast_head_json":{"title":"Het Programma VFO - Informashon tokante Gobi\u00e8rnu di K\u00f2rsou","robots":{"index":"index","follow":"follow","max-snippet":"max-snippet:-1","max-image-preview":"max-image-preview:large","max-video-preview":"max-video-preview:-1"},"canonical":"https:\/\/gobiernu.cw\/nl\/het-programma-vfo\/","twitter_card":"summary_large_image","twitter_title":"Het Programma VFO - Informashon tokante Gobi\u00e8rnu di K\u00f2rsou","twitter_description":"[vc_row][vc_column][vc_column_text]Het Programma VFO In het implementatieplan VFO\u00a0 2023 \u2013 2025 staan de activiteiten die de komende jaren uitgevoerd gaan worden om de verbetervoorstellen uit het rapport [\u2026]","twitter_image":"https:\/\/gobiernu.cw\/wp-content\/uploads\/2023\/11\/Afbeeling-Organogram-Programmaorganisatie-VFO.png","twitter_misc":{"Geschatte leestijd":"1 minuut"},"schema":{"@context":"https:\/\/schema.org","@graph":[{"@type":"WebPage","@id":"https:\/\/gobiernu.cw\/nl\/het-programma-vfo\/","url":"https:\/\/gobiernu.cw\/nl\/het-programma-vfo\/","name":"Het Programma VFO - Informashon tokante Gobi\u00e8rnu di K\u00f2rsou","isPartOf":{"@id":"https:\/\/gobiernu.cw\/#website"},"primaryImageOfPage":{"@id":"https:\/\/gobiernu.cw\/nl\/het-programma-vfo\/#primaryimage"},"image":{"@id":"https:\/\/gobiernu.cw\/nl\/het-programma-vfo\/#primaryimage"},"thumbnailUrl":"https:\/\/gobiernu.cw\/wp-content\/uploads\/2023\/11\/Afbeeling-Organogram-Programmaorganisatie-VFO.png","datePublished":"2023-09-05T08:52:30+00:00","dateModified":"2024-01-11T14:40:29+00:00","breadcrumb":{"@id":"https:\/\/gobiernu.cw\/nl\/het-programma-vfo\/#breadcrumb"},"inLanguage":"nl-NL","potentialAction":[{"@type":"ReadAction","target":["https:\/\/gobiernu.cw\/nl\/het-programma-vfo\/"]}]},{"@type":"ImageObject","inLanguage":"nl-NL","@id":"https:\/\/gobiernu.cw\/nl\/het-programma-vfo\/#primaryimage","url":"https:\/\/gobiernu.cw\/wp-content\/uploads\/2023\/11\/Afbeeling-Organogram-Programmaorganisatie-VFO.png","contentUrl":"https:\/\/gobiernu.cw\/wp-content\/uploads\/2023\/11\/Afbeeling-Organogram-Programmaorganisatie-VFO.png"},{"@type":"BreadcrumbList","@id":"https:\/\/gobiernu.cw\/nl\/het-programma-vfo\/#breadcrumb","itemListElement":[{"@type":"ListItem","position":1,"name":"Home","item":"https:\/\/gobiernu.cw\/nl\/"},{"@type":"ListItem","position":2,"name":"Het Programma VFO"}]},{"@type":"WebSite","@id":"https:\/\/gobiernu.cw\/#website","url":"https:\/\/gobiernu.cw\/","name":"Informashon tokante Gobi\u00e8rnu di K\u00f2rsou","description":"Gobi\u00e8rnu di K\u00f2rsou","publisher":{"@id":"https:\/\/gobiernu.cw\/#organization"},"potentialAction":[{"@type":"SearchAction","target":{"@type":"EntryPoint","urlTemplate":"https:\/\/gobiernu.cw\/?s={search_term_string}"},"query-input":{"@type":"PropertyValueSpecification","valueRequired":true,"valueName":"search_term_string"}}],"inLanguage":"nl-NL"},{"@type":"Organization","@id":"https:\/\/gobiernu.cw\/#organization","name":"Gobi\u00e8rnu di K\u00f2rsou","url":"https:\/\/gobiernu.cw\/","logo":{"@type":"ImageObject","inLanguage":"nl-NL","@id":"https:\/\/gobiernu.cw\/#\/schema\/logo\/image\/","url":"https:\/\/gobiernu.cw\/wp-content\/uploads\/2019\/01\/Logo_regering_3.png","contentUrl":"https:\/\/gobiernu.cw\/wp-content\/uploads\/2019\/01\/Logo_regering_3.png","width":129,"height":115,"caption":"Gobi\u00e8rnu di K\u00f2rsou"},"image":{"@id":"https:\/\/gobiernu.cw\/#\/schema\/logo\/image\/"}}]}},"jetpack_sharing_enabled":true,"_links":{"self":[{"href":"https:\/\/gobiernu.cw\/nl\/wp-json\/wp\/v2\/pages\/535493","targetHints":{"allow":["GET"]}}],"collection":[{"href":"https:\/\/gobiernu.cw\/nl\/wp-json\/wp\/v2\/pages"}],"about":[{"href":"https:\/\/gobiernu.cw\/nl\/wp-json\/wp\/v2\/types\/page"}],"author":[{"embeddable":true,"href":"https:\/\/gobiernu.cw\/nl\/wp-json\/wp\/v2\/users\/1"}],"replies":[{"embeddable":true,"href":"https:\/\/gobiernu.cw\/nl\/wp-json\/wp\/v2\/comments?post=535493"}],"version-history":[{"count":11,"href":"https:\/\/gobiernu.cw\/nl\/wp-json\/wp\/v2\/pages\/535493\/revisions"}],"predecessor-version":[{"id":536861,"href":"https:\/\/gobiernu.cw\/nl\/wp-json\/wp\/v2\/pages\/535493\/revisions\/536861"}],"wp:attachment":[{"href":"https:\/\/gobiernu.cw\/nl\/wp-json\/wp\/v2\/media?parent=535493"}],"wp:term":[{"taxonomy":"ministry","embeddable":true,"href":"https:\/\/gobiernu.cw\/nl\/wp-json\/wp\/v2\/ministry?post=535493"}],"curies":[{"name":"wp","href":"https:\/\/api.w.org\/{rel}","templated":true}]}}