{"id":613,"date":"2019-06-17T10:38:26","date_gmt":"2019-06-17T10:38:26","guid":{"rendered":"https:\/\/gobiernu.cw\/?page_id=613"},"modified":"2019-06-17T10:43:43","modified_gmt":"2019-06-17T10:43:43","slug":"privacy","status":"publish","type":"page","link":"https:\/\/gobiernu.cw\/nl\/privacy\/","title":{"rendered":"Privacy"},"content":{"rendered":"<div class=\"wpb-content-wrapper\"><p>[vc_row][vc_column][vc_custom_heading text=&#8221;Privacy&#8221; font_container=&#8221;tag:h1|text_align:left&#8221; use_theme_fonts=&#8221;yes&#8221; el_class=&#8221;page_title&#8221;][vc_column_text]<\/p>\n<p>Persoonsgegevens die u op deze website opgeeft, gebruikt Gobi\u00e8rnu di K\u00f2rsou alleen voor het doel waarvoor u ze heeft gegeven.<\/p>\n<p>[\/vc_column_text][vc_custom_heading text=&#8221;Hoe gaat Gobi\u00e8rnu di K\u00f2rsou om met uw persoonsgegevens?&#8221; use_theme_fonts=&#8221;yes&#8221; el_class=&#8221;page_title&#8221;][vc_column_text]<\/p>\n<p>Wilt u een brochure aanvragen? Of een nieuwsbrief ontvangen? Dan hebben wij uw persoonsgegevens, zoals uw naam, e-mailadres of woonadres nodig. Bij het aanvraagformulier staat vermeld welke gegevens Gobi\u00e8rnu di K\u00f2rsou gebruikt en waarvoor.<\/p>\n<p>Gobi\u00e8rnu di K\u00f2rsou gebruikt uw persoonsgegevens alleen voor het doel waarvoor u ze heeft achtergelaten. Heeft u bijvoorbeeld uw naam en adres ingevuld om een brochure te ontvangen? Dan gebruikt Gobi\u00e8rnu di K\u00f2rsou uw gegevens alleen om u die brochure toe te sturen en dus niet voor het toesturen van andere brochures.<\/p>\n<p>[\/vc_column_text][vc_custom_heading text=&#8221;Gegevens wel gebruiken voor opsporing&#8221; use_theme_fonts=&#8221;yes&#8221; el_class=&#8221;page_title&#8221;][vc_column_text]<\/p>\n<p>Gobi\u00e8rnu di K\u00f2rsou kan gegevens wel gebruiken voor opsporing. Bijvoorbeeld als iemand via de site strafbare feiten pleegt of strafbare uitlatingen doet.<\/p>\n<p>[\/vc_column_text][vc_custom_heading text=&#8221;Bewaren persoonsgegevens&#8221; use_theme_fonts=&#8221;yes&#8221; el_class=&#8221;page_title&#8221;][vc_column_text]<\/p>\n<p>Gobi\u00e8rnu di K\u00f2rsou bewaart persoonsgegevens niet langer dan nodig is voor het doel waarvoor u ze heeft achtergelaten. Daarna worden de gegevens vernietigd.<\/p>\n<p>[\/vc_column_text][\/vc_column][\/vc_row]<\/p>\n<\/div>","protected":false},"excerpt":{"rendered":"<p>[vc_row][vc_column][vc_custom_heading text=&#8221;Privacy&#8221; font_container=&#8221;tag:h1|text_align:left&#8221; use_theme_fonts=&#8221;yes&#8221; el_class=&#8221;page_title&#8221;][vc_column_text] Persoonsgegevens die u op deze website opgeeft, gebruikt Gobi\u00e8rnu di K\u00f2rsou alleen voor het doel waarvoor u ze heeft gegeven. [\/vc_column_text][vc_custom_heading<span class=\"excerpt-hellip\"> [\u2026]<\/span><\/p>\n","protected":false},"author":1,"featured_media":0,"parent":0,"menu_order":98,"comment_status":"closed","ping_status":"closed","template":"","meta":{"_acf_changed":false,"_crdt_document":"","footnotes":""},"ministry":[],"class_list":["post-613","page","type-page","status-publish","hentry"],"acf":[],"yoast_head":"<!-- This site is optimized with the Yoast SEO plugin v27.4 - https:\/\/yoast.com\/product\/yoast-seo-wordpress\/ -->\n<title>Privacy - Informashon tokante Gobi\u00e8rnu di K\u00f2rsou<\/title>\n<meta name=\"robots\" content=\"index, follow, max-snippet:-1, max-image-preview:large, max-video-preview:-1\" \/>\n<link rel=\"canonical\" href=\"https:\/\/gobiernu.cw\/nl\/privacy\/\" \/>\n<meta name=\"twitter:card\" content=\"summary_large_image\" \/>\n<meta name=\"twitter:title\" content=\"Privacy - Informashon tokante Gobi\u00e8rnu di K\u00f2rsou\" \/>\n<meta name=\"twitter:description\" content=\"[vc_row][vc_column][vc_custom_heading text=&#8221;Privacy&#8221; font_container=&#8221;tag:h1|text_align:left&#8221; use_theme_fonts=&#8221;yes&#8221; el_class=&#8221;page_title&#8221;][vc_column_text] Persoonsgegevens die u op deze website opgeeft, gebruikt Gobi\u00e8rnu di K\u00f2rsou alleen voor het doel waarvoor u ze heeft gegeven. [\/vc_column_text][vc_custom_heading [\u2026]\" \/>\n<meta name=\"twitter:label1\" content=\"Geschatte leestijd\" \/>\n\t<meta name=\"twitter:data1\" content=\"1 minuut\" \/>\n<script type=\"application\/ld+json\" class=\"yoast-schema-graph\">{\"@context\":\"https:\\\/\\\/schema.org\",\"@graph\":[{\"@type\":\"WebPage\",\"@id\":\"https:\\\/\\\/gobiernu.cw\\\/nl\\\/privacy\\\/\",\"url\":\"https:\\\/\\\/gobiernu.cw\\\/nl\\\/privacy\\\/\",\"name\":\"Privacy - Informashon tokante Gobi\u00e8rnu di K\u00f2rsou\",\"isPartOf\":{\"@id\":\"https:\\\/\\\/gobiernu.cw\\\/#website\"},\"datePublished\":\"2019-06-17T10:38:26+00:00\",\"dateModified\":\"2019-06-17T10:43:43+00:00\",\"breadcrumb\":{\"@id\":\"https:\\\/\\\/gobiernu.cw\\\/nl\\\/privacy\\\/#breadcrumb\"},\"inLanguage\":\"nl-NL\",\"potentialAction\":[{\"@type\":\"ReadAction\",\"target\":[\"https:\\\/\\\/gobiernu.cw\\\/nl\\\/privacy\\\/\"]}]},{\"@type\":\"BreadcrumbList\",\"@id\":\"https:\\\/\\\/gobiernu.cw\\\/nl\\\/privacy\\\/#breadcrumb\",\"itemListElement\":[{\"@type\":\"ListItem\",\"position\":1,\"name\":\"Home\",\"item\":\"https:\\\/\\\/gobiernu.cw\\\/nl\\\/\"},{\"@type\":\"ListItem\",\"position\":2,\"name\":\"Privacy\"}]},{\"@type\":\"WebSite\",\"@id\":\"https:\\\/\\\/gobiernu.cw\\\/#website\",\"url\":\"https:\\\/\\\/gobiernu.cw\\\/\",\"name\":\"Informashon tokante Gobi\u00e8rnu di K\u00f2rsou\",\"description\":\"Gobi\u00e8rnu di K\u00f2rsou\",\"publisher\":{\"@id\":\"https:\\\/\\\/gobiernu.cw\\\/#organization\"},\"potentialAction\":[{\"@type\":\"SearchAction\",\"target\":{\"@type\":\"EntryPoint\",\"urlTemplate\":\"https:\\\/\\\/gobiernu.cw\\\/?s={search_term_string}\"},\"query-input\":{\"@type\":\"PropertyValueSpecification\",\"valueRequired\":true,\"valueName\":\"search_term_string\"}}],\"inLanguage\":\"nl-NL\"},{\"@type\":\"Organization\",\"@id\":\"https:\\\/\\\/gobiernu.cw\\\/#organization\",\"name\":\"Gobi\u00e8rnu di K\u00f2rsou\",\"url\":\"https:\\\/\\\/gobiernu.cw\\\/\",\"logo\":{\"@type\":\"ImageObject\",\"inLanguage\":\"nl-NL\",\"@id\":\"https:\\\/\\\/gobiernu.cw\\\/#\\\/schema\\\/logo\\\/image\\\/\",\"url\":\"https:\\\/\\\/gobiernu.cw\\\/wp-content\\\/uploads\\\/2019\\\/01\\\/Logo_regering_3.png\",\"contentUrl\":\"https:\\\/\\\/gobiernu.cw\\\/wp-content\\\/uploads\\\/2019\\\/01\\\/Logo_regering_3.png\",\"width\":129,\"height\":115,\"caption\":\"Gobi\u00e8rnu di K\u00f2rsou\"},\"image\":{\"@id\":\"https:\\\/\\\/gobiernu.cw\\\/#\\\/schema\\\/logo\\\/image\\\/\"}}]}<\/script>\n<!-- \/ Yoast SEO plugin. -->","yoast_head_json":{"title":"Privacy - Informashon tokante Gobi\u00e8rnu di K\u00f2rsou","robots":{"index":"index","follow":"follow","max-snippet":"max-snippet:-1","max-image-preview":"max-image-preview:large","max-video-preview":"max-video-preview:-1"},"canonical":"https:\/\/gobiernu.cw\/nl\/privacy\/","twitter_card":"summary_large_image","twitter_title":"Privacy - Informashon tokante Gobi\u00e8rnu di K\u00f2rsou","twitter_description":"[vc_row][vc_column][vc_custom_heading text=&#8221;Privacy&#8221; font_container=&#8221;tag:h1|text_align:left&#8221; use_theme_fonts=&#8221;yes&#8221; el_class=&#8221;page_title&#8221;][vc_column_text] Persoonsgegevens die u op deze website opgeeft, gebruikt Gobi\u00e8rnu di K\u00f2rsou alleen voor het doel waarvoor u ze heeft gegeven. [\/vc_column_text][vc_custom_heading [\u2026]","twitter_misc":{"Geschatte leestijd":"1 minuut"},"schema":{"@context":"https:\/\/schema.org","@graph":[{"@type":"WebPage","@id":"https:\/\/gobiernu.cw\/nl\/privacy\/","url":"https:\/\/gobiernu.cw\/nl\/privacy\/","name":"Privacy - Informashon tokante Gobi\u00e8rnu di K\u00f2rsou","isPartOf":{"@id":"https:\/\/gobiernu.cw\/#website"},"datePublished":"2019-06-17T10:38:26+00:00","dateModified":"2019-06-17T10:43:43+00:00","breadcrumb":{"@id":"https:\/\/gobiernu.cw\/nl\/privacy\/#breadcrumb"},"inLanguage":"nl-NL","potentialAction":[{"@type":"ReadAction","target":["https:\/\/gobiernu.cw\/nl\/privacy\/"]}]},{"@type":"BreadcrumbList","@id":"https:\/\/gobiernu.cw\/nl\/privacy\/#breadcrumb","itemListElement":[{"@type":"ListItem","position":1,"name":"Home","item":"https:\/\/gobiernu.cw\/nl\/"},{"@type":"ListItem","position":2,"name":"Privacy"}]},{"@type":"WebSite","@id":"https:\/\/gobiernu.cw\/#website","url":"https:\/\/gobiernu.cw\/","name":"Informashon tokante Gobi\u00e8rnu di K\u00f2rsou","description":"Gobi\u00e8rnu di K\u00f2rsou","publisher":{"@id":"https:\/\/gobiernu.cw\/#organization"},"potentialAction":[{"@type":"SearchAction","target":{"@type":"EntryPoint","urlTemplate":"https:\/\/gobiernu.cw\/?s={search_term_string}"},"query-input":{"@type":"PropertyValueSpecification","valueRequired":true,"valueName":"search_term_string"}}],"inLanguage":"nl-NL"},{"@type":"Organization","@id":"https:\/\/gobiernu.cw\/#organization","name":"Gobi\u00e8rnu di K\u00f2rsou","url":"https:\/\/gobiernu.cw\/","logo":{"@type":"ImageObject","inLanguage":"nl-NL","@id":"https:\/\/gobiernu.cw\/#\/schema\/logo\/image\/","url":"https:\/\/gobiernu.cw\/wp-content\/uploads\/2019\/01\/Logo_regering_3.png","contentUrl":"https:\/\/gobiernu.cw\/wp-content\/uploads\/2019\/01\/Logo_regering_3.png","width":129,"height":115,"caption":"Gobi\u00e8rnu di K\u00f2rsou"},"image":{"@id":"https:\/\/gobiernu.cw\/#\/schema\/logo\/image\/"}}]}},"jetpack_sharing_enabled":true,"_links":{"self":[{"href":"https:\/\/gobiernu.cw\/nl\/wp-json\/wp\/v2\/pages\/613","targetHints":{"allow":["GET"]}}],"collection":[{"href":"https:\/\/gobiernu.cw\/nl\/wp-json\/wp\/v2\/pages"}],"about":[{"href":"https:\/\/gobiernu.cw\/nl\/wp-json\/wp\/v2\/types\/page"}],"author":[{"embeddable":true,"href":"https:\/\/gobiernu.cw\/nl\/wp-json\/wp\/v2\/users\/1"}],"replies":[{"embeddable":true,"href":"https:\/\/gobiernu.cw\/nl\/wp-json\/wp\/v2\/comments?post=613"}],"version-history":[{"count":3,"href":"https:\/\/gobiernu.cw\/nl\/wp-json\/wp\/v2\/pages\/613\/revisions"}],"predecessor-version":[{"id":624,"href":"https:\/\/gobiernu.cw\/nl\/wp-json\/wp\/v2\/pages\/613\/revisions\/624"}],"wp:attachment":[{"href":"https:\/\/gobiernu.cw\/nl\/wp-json\/wp\/v2\/media?parent=613"}],"wp:term":[{"taxonomy":"ministry","embeddable":true,"href":"https:\/\/gobiernu.cw\/nl\/wp-json\/wp\/v2\/ministry?post=613"}],"curies":[{"name":"wp","href":"https:\/\/api.w.org\/{rel}","templated":true}]}}